{"id":160504,"date":"2024-11-05T10:46:59","date_gmt":"2024-11-05T10:46:59","guid":{"rendered":"http:\/\/italtools.com\/prodotto\/fraise-diamant-pour-lusinage-du-lamine-inferieur-des-panneaux-avant-le-post-forming-et-pour-le-chanfreinage-du-lamine\/"},"modified":"2025-01-08T22:34:53","modified_gmt":"2025-01-08T22:34:53","slug":"fraise-diamant-pour-lusinage-du-lamine-inferieur-des-panneaux-avant-le-post-forming-et-pour-le-chanfreinage-du-lamine","status":"publish","type":"product","link":"https:\/\/italtools.com\/fr\/product\/fraise-diamant-pour-lusinage-du-lamine-inferieur-des-panneaux-avant-le-post-forming-et-pour-le-chanfreinage-du-lamine\/","title":{"rendered":"Fraise diamant pour l&rsquo;usinage du lamin\u00e9 inf\u00e9rieur des panneaux avant le post-forming et pour le chanfreinage du lamin\u00e9"},"content":{"rendered":"<p>Fraise diamant aff\u00fbtable, hauteur PCD 5 mm, pour l&rsquo;usinage du lamin\u00e9 inf\u00e9rieur des panneaux avant le post-forming et pour le chanfreinage du lamin\u00e9 d\u00e9bordant apr\u00e8s le post-forming avec profil \u00e0 \u00ab L \u00bb.<\/p>\n","protected":false},"excerpt":{"rendered":"<p>Fraise diamant aff\u00fbtable, hauteur PCD 5 mm, pour l&rsquo;usinage du lamin\u00e9 inf\u00e9rieur des panneaux avant le post-forming et pour le chanfreinage du lamin\u00e9 d\u00e9bordant apr\u00e8s le post-forming avec profil \u00e0 \u00ab L \u00bb.<\/p>\n","protected":false},"featured_media":171973,"comment_status":"closed","ping_status":"closed","template":"","meta":{"_acf_changed":false},"materiale":[],"product_brand":[10391],"product_cat":[2781],"product_tag":[],"class_list":{"0":"post-160504","1":"product","2":"type-product","3":"status-publish","4":"has-post-thumbnail","6":"product_brand-italtools-fr","7":"product_cat-fraises-diamant","8":"pa_b_uppercase-10571","9":"pa_d_undercase-20-8","10":"pa_d_undercase-hsk25-3","11":"pa_d_uppercase-70-3","12":"pa_z-42-2-3","13":"pa_z-6-4-3","15":"first","16":"instock","17":"taxable","18":"shipping-taxable","19":"purchasable","20":"product-type-variable"},"acf":[],"_links":{"self":[{"href":"https:\/\/italtools.com\/fr\/wp-json\/wp\/v2\/product\/160504","targetHints":{"allow":["GET"]}}],"collection":[{"href":"https:\/\/italtools.com\/fr\/wp-json\/wp\/v2\/product"}],"about":[{"href":"https:\/\/italtools.com\/fr\/wp-json\/wp\/v2\/types\/product"}],"replies":[{"embeddable":true,"href":"https:\/\/italtools.com\/fr\/wp-json\/wp\/v2\/comments?post=160504"}],"wp:featuredmedia":[{"embeddable":true,"href":"https:\/\/italtools.com\/fr\/wp-json\/wp\/v2\/media\/171973"}],"wp:attachment":[{"href":"https:\/\/italtools.com\/fr\/wp-json\/wp\/v2\/media?parent=160504"}],"wp:term":[{"taxonomy":"materiale","embeddable":true,"href":"https:\/\/italtools.com\/fr\/wp-json\/wp\/v2\/materiale?post=160504"},{"taxonomy":"product_brand","embeddable":true,"href":"https:\/\/italtools.com\/fr\/wp-json\/wp\/v2\/product_brand?post=160504"},{"taxonomy":"product_cat","embeddable":true,"href":"https:\/\/italtools.com\/fr\/wp-json\/wp\/v2\/product_cat?post=160504"},{"taxonomy":"product_tag","embeddable":true,"href":"https:\/\/italtools.com\/fr\/wp-json\/wp\/v2\/product_tag?post=160504"}],"curies":[{"name":"wp","href":"https:\/\/api.w.org\/{rel}","templated":true}]}}