{"id":160491,"date":"2024-11-05T10:46:59","date_gmt":"2024-11-05T10:46:59","guid":{"rendered":"http:\/\/italtools.com\/prodotto\/fraise-diamant-a-chanfreiner-des-aleses-sur-plaqueuses-de-chants-2\/"},"modified":"2025-01-08T22:34:47","modified_gmt":"2025-01-08T22:34:47","slug":"fraise-diamant-a-chanfreiner-des-aleses-sur-plaqueuses-de-chants-2","status":"publish","type":"product","link":"https:\/\/italtools.com\/fr\/product\/fraise-diamant-a-chanfreiner-des-aleses-sur-plaqueuses-de-chants-2\/","title":{"rendered":"Fraise diamant \u00e0 chanfreiner des al\u00e8ses sur plaqueuses de chants"},"content":{"rendered":"<p>Fraise diamant d\u2019affleurage \u00e0 al\u00e9sage, hauteur PCD 3,0 mm. Pour chanfreiner des al\u00e8ses sur plaqueuses de chants.<\/p>\n","protected":false},"excerpt":{"rendered":"<p>Fraise diamant d\u2019affleurage \u00e0 al\u00e9sage, hauteur PCD 3,0 mm. Pour chanfreiner des al\u00e8ses sur plaqueuses de chants.<\/p>\n","protected":false},"featured_media":171965,"comment_status":"closed","ping_status":"open","template":"","meta":{"_acf_changed":false},"materiale":[6707,6710],"product_brand":[10391],"product_cat":[2781],"product_tag":[],"class_list":{"0":"post-160491","1":"product","2":"type-product","3":"status-publish","4":"has-post-thumbnail","6":"materiale-bois-dur","7":"materiale-bois-tendre","8":"product_brand-italtools-fr","9":"product_cat-fraises-diamant","10":"pa_d_undercase-20-8","11":"pa_d_undercase-hsk25-3","12":"pa_d_uppercase-73-12","13":"pa_z-42-2-3","15":"first","16":"instock","17":"taxable","18":"shipping-taxable","19":"purchasable","20":"product-type-variable"},"acf":[],"_links":{"self":[{"href":"https:\/\/italtools.com\/fr\/wp-json\/wp\/v2\/product\/160491","targetHints":{"allow":["GET"]}}],"collection":[{"href":"https:\/\/italtools.com\/fr\/wp-json\/wp\/v2\/product"}],"about":[{"href":"https:\/\/italtools.com\/fr\/wp-json\/wp\/v2\/types\/product"}],"replies":[{"embeddable":true,"href":"https:\/\/italtools.com\/fr\/wp-json\/wp\/v2\/comments?post=160491"}],"wp:featuredmedia":[{"embeddable":true,"href":"https:\/\/italtools.com\/fr\/wp-json\/wp\/v2\/media\/171965"}],"wp:attachment":[{"href":"https:\/\/italtools.com\/fr\/wp-json\/wp\/v2\/media?parent=160491"}],"wp:term":[{"taxonomy":"materiale","embeddable":true,"href":"https:\/\/italtools.com\/fr\/wp-json\/wp\/v2\/materiale?post=160491"},{"taxonomy":"product_brand","embeddable":true,"href":"https:\/\/italtools.com\/fr\/wp-json\/wp\/v2\/product_brand?post=160491"},{"taxonomy":"product_cat","embeddable":true,"href":"https:\/\/italtools.com\/fr\/wp-json\/wp\/v2\/product_cat?post=160491"},{"taxonomy":"product_tag","embeddable":true,"href":"https:\/\/italtools.com\/fr\/wp-json\/wp\/v2\/product_tag?post=160491"}],"curies":[{"name":"wp","href":"https:\/\/api.w.org\/{rel}","templated":true}]}}