{"id":160429,"date":"2024-11-05T10:46:51","date_gmt":"2024-11-05T10:46:51","guid":{"rendered":"http:\/\/italtools.com\/prodotto\/meche-a-defoncer-en-carbure-monobloc-pour-usinage-de-laluminium\/"},"modified":"2025-11-17T22:28:35","modified_gmt":"2025-11-17T22:28:35","slug":"meche-a-defoncer-en-carbure-monobloc-pour-usinage-de-laluminium","status":"publish","type":"product","link":"https:\/\/italtools.com\/fr\/product\/meche-a-defoncer-en-carbure-monobloc-pour-usinage-de-laluminium\/","title":{"rendered":"M\u00e8che \u00e0 d\u00e9foncer en carbure monobloc pour usinage de l&rsquo;aluminium"},"content":{"rendered":"<p>M\u00e8che \u00e0 d\u00e9foncer en carbure monobloc pour usinage de l&rsquo;aluminium.\u00a0 Utilisation: pour usinage de l&rsquo;aluminium.<\/p>\n","protected":false},"excerpt":{"rendered":"<p>M\u00e8che \u00e0 d\u00e9foncer en carbure monobloc pour usinage de l&rsquo;aluminium.\u00a0 Utilisation: pour usinage de l&rsquo;aluminium.<\/p>\n","protected":false},"featured_media":397014,"comment_status":"closed","ping_status":"closed","template":"","meta":{"_acf_changed":false},"materiale":[],"product_brand":[10391],"product_cat":[2777],"product_tag":[],"class_list":{"0":"post-160429","1":"product","2":"type-product","3":"status-publish","4":"has-post-thumbnail","6":"product_brand-italtools-fr","7":"product_cat-meches-a-defoncer-carbure-monobloc","8":"pa_d_undercase-10-2-3","9":"pa_d_undercase-20-8","10":"pa_d_undercase-4-18","11":"pa_d_undercase-5-19","12":"pa_d_undercase-6-7","13":"pa_d_undercase-8-19","14":"pa_d_uppercase-10-19","15":"pa_d_uppercase-16-14","16":"pa_d_uppercase-20-40","17":"pa_d_uppercase-4-32","18":"pa_d_uppercase-5-33","19":"pa_d_uppercase-6-27","20":"pa_d_uppercase-8-29","21":"pa_l1-100-7","22":"pa_l1-50-15","23":"pa_l1-80-3-3","24":"pa_l2-10-4","25":"pa_l2-12-20","26":"pa_l2-15-14","27":"pa_l2-25-10","28":"pa_l2-30-4-2","29":"pa_l2-40-11","30":"pa_z-2-12","31":"pa_z-3-7","33":"first","34":"instock","35":"taxable","36":"shipping-taxable","37":"purchasable","38":"product-type-variable"},"acf":[],"_links":{"self":[{"href":"https:\/\/italtools.com\/fr\/wp-json\/wp\/v2\/product\/160429","targetHints":{"allow":["GET"]}}],"collection":[{"href":"https:\/\/italtools.com\/fr\/wp-json\/wp\/v2\/product"}],"about":[{"href":"https:\/\/italtools.com\/fr\/wp-json\/wp\/v2\/types\/product"}],"replies":[{"embeddable":true,"href":"https:\/\/italtools.com\/fr\/wp-json\/wp\/v2\/comments?post=160429"}],"wp:featuredmedia":[{"embeddable":true,"href":"https:\/\/italtools.com\/fr\/wp-json\/wp\/v2\/media\/397014"}],"wp:attachment":[{"href":"https:\/\/italtools.com\/fr\/wp-json\/wp\/v2\/media?parent=160429"}],"wp:term":[{"taxonomy":"materiale","embeddable":true,"href":"https:\/\/italtools.com\/fr\/wp-json\/wp\/v2\/materiale?post=160429"},{"taxonomy":"product_brand","embeddable":true,"href":"https:\/\/italtools.com\/fr\/wp-json\/wp\/v2\/product_brand?post=160429"},{"taxonomy":"product_cat","embeddable":true,"href":"https:\/\/italtools.com\/fr\/wp-json\/wp\/v2\/product_cat?post=160429"},{"taxonomy":"product_tag","embeddable":true,"href":"https:\/\/italtools.com\/fr\/wp-json\/wp\/v2\/product_tag?post=160429"}],"curies":[{"name":"wp","href":"https:\/\/api.w.org\/{rel}","templated":true}]}}