{"id":160339,"date":"2024-11-05T10:46:44","date_gmt":"2024-11-05T10:46:44","guid":{"rendered":"http:\/\/italtools.com\/prodotto\/meche-a-defoncer-en-carbure-monobloc-pour-le-logement-de-boitier-de-serrure\/"},"modified":"2025-01-08T22:36:45","modified_gmt":"2025-01-08T22:36:45","slug":"meche-a-defoncer-en-carbure-monobloc-pour-le-logement-de-boitier-de-serrure","status":"publish","type":"product","link":"https:\/\/italtools.com\/fr\/product\/meche-a-defoncer-en-carbure-monobloc-pour-le-logement-de-boitier-de-serrure\/","title":{"rendered":"M\u00e8che \u00e0 d\u00e9foncer en carbure monobloc pour le logement de bo\u00eetier de serrure"},"content":{"rendered":"<p>Fraise &agrave; d&eacute;foncer en carbure monobloc, h&eacute;lice positive, avec ou sans brise-copeau pour le logement de bo&icirc;tier de serrure.&nbsp; Meilleure finition sur le dessous de la pi&egrave;ce, &eacute;vacuation des copeaux vers le haut. RL=coupe plate pour une finition excellente sur l&#39;extr&eacute;mit&eacute; de la m&egrave;che. Utilisation: pour usinage de bois massif, panneaux et lamin&eacute;s.<\/p>\n","protected":false},"excerpt":{"rendered":"<p>Fraise &agrave; d&eacute;foncer en carbure monobloc, h&eacute;lice positive, avec ou sans brise-copeau pour le logement de bo&icirc;tier de serrure.&nbsp; Meilleure finition sur le dessous de la pi&egrave;ce, &eacute;vacuation des copeaux vers le haut. RL=coupe plate pour une finition excellente sur l&#39;extr&eacute;mit&eacute; de la m&egrave;che. Utilisation: pour usinage de bois massif, panneaux et lamin&eacute;s.<\/p>\n","protected":false},"featured_media":171933,"comment_status":"closed","ping_status":"open","template":"","meta":{"_acf_changed":false},"materiale":[],"product_brand":[10391],"product_cat":[2777],"product_tag":[],"class_list":{"0":"post-160339","1":"product","2":"type-product","3":"status-publish","4":"has-post-thumbnail","6":"product_brand-italtools-fr","7":"product_cat-meches-a-defoncer-carbure-monobloc","8":"pa_d_undercase-10-2-3","9":"pa_d_undercase-14-15","10":"pa_d_undercase-18-8","11":"pa_d_undercase-20-8","12":"pa_d_undercase-8-19","13":"pa_d_uppercase-10-19","14":"pa_d_uppercase-14-18","15":"pa_d_uppercase-16-14","16":"pa_d_uppercase-18-17","17":"pa_d_uppercase-20-40","18":"pa_d_uppercase-8-29","19":"pa_l1-100-7","20":"pa_l1-150-4","21":"pa_l2-30-70-4","22":"pa_l2-35-70-3","23":"pa_l2-45-95-3","24":"pa_z-3-7","25":"pa_z-3r-3","26":"pa_z-3rl-3","28":"first","29":"instock","30":"taxable","31":"shipping-taxable","32":"purchasable","33":"product-type-variable"},"acf":[],"_links":{"self":[{"href":"https:\/\/italtools.com\/fr\/wp-json\/wp\/v2\/product\/160339","targetHints":{"allow":["GET"]}}],"collection":[{"href":"https:\/\/italtools.com\/fr\/wp-json\/wp\/v2\/product"}],"about":[{"href":"https:\/\/italtools.com\/fr\/wp-json\/wp\/v2\/types\/product"}],"replies":[{"embeddable":true,"href":"https:\/\/italtools.com\/fr\/wp-json\/wp\/v2\/comments?post=160339"}],"wp:featuredmedia":[{"embeddable":true,"href":"https:\/\/italtools.com\/fr\/wp-json\/wp\/v2\/media\/171933"}],"wp:attachment":[{"href":"https:\/\/italtools.com\/fr\/wp-json\/wp\/v2\/media?parent=160339"}],"wp:term":[{"taxonomy":"materiale","embeddable":true,"href":"https:\/\/italtools.com\/fr\/wp-json\/wp\/v2\/materiale?post=160339"},{"taxonomy":"product_brand","embeddable":true,"href":"https:\/\/italtools.com\/fr\/wp-json\/wp\/v2\/product_brand?post=160339"},{"taxonomy":"product_cat","embeddable":true,"href":"https:\/\/italtools.com\/fr\/wp-json\/wp\/v2\/product_cat?post=160339"},{"taxonomy":"product_tag","embeddable":true,"href":"https:\/\/italtools.com\/fr\/wp-json\/wp\/v2\/product_tag?post=160339"}],"curies":[{"name":"wp","href":"https:\/\/api.w.org\/{rel}","templated":true}]}}