{"id":160326,"date":"2024-11-05T10:46:42","date_gmt":"2024-11-05T10:46:42","guid":{"rendered":"http:\/\/italtools.com\/prodotto\/meche-a-defoncer-en-carbure-monobloc-pour-une-finition-de-haute-qualite-sur-les-deux-cotes-de-la-piece\/"},"modified":"2025-11-18T12:45:00","modified_gmt":"2025-11-18T12:45:00","slug":"meche-a-compression-z22","status":"publish","type":"product","link":"https:\/\/italtools.com\/fr\/product\/meche-a-compression-z22\/","title":{"rendered":"M\u00e8che \u00e0 compression Z2+2 en carbure monobloc pour une finition de haute qualit\u00e9 sur les deux c\u00f4t\u00e9s de la pi\u00e8ce"},"content":{"rendered":"<p>M\u00e8che \u00e0 compression Z2+2 en carbure monobloc pour une finition de haute qualit\u00e9 sur les deux c\u00f4t\u00e9s de la pi\u00e8ce. Utilisation: pour usinage de bois massif, panneaux et lamin\u00e9s avec vitesse d&rsquo;avance \u00e9lev\u00e9e.<\/p>\n","protected":false},"excerpt":{"rendered":"<p>M\u00e8che \u00e0 compression Z2+2 en carbure monobloc pour une finition de haute qualit\u00e9 sur les deux c\u00f4t\u00e9s de la pi\u00e8ce. Utilisation: pour usinage de bois massif, panneaux et lamin\u00e9s avec vitesse d&rsquo;avance \u00e9lev\u00e9e.<\/p>\n","protected":false},"featured_media":397040,"comment_status":"closed","ping_status":"closed","template":"","meta":{"_acf_changed":false},"materiale":[],"product_brand":[10391],"product_cat":[2777],"product_tag":[],"class_list":{"0":"post-160326","1":"product","2":"type-product","3":"status-publish","4":"has-post-thumbnail","6":"product_brand-italtools-fr","7":"product_cat-meches-a-defoncer-carbure-monobloc","8":"pa_d_undercase-10-2-3","9":"pa_d_undercase-14-15","10":"pa_d_undercase-20-8","11":"pa_d_undercase-5-19","12":"pa_d_undercase-6-7","13":"pa_d_undercase-8-19","14":"pa_d_uppercase-10-19","15":"pa_d_uppercase-14-18","16":"pa_d_uppercase-16-14","17":"pa_d_uppercase-20-40","18":"pa_d_uppercase-5-33","19":"pa_d_uppercase-6-27","20":"pa_d_uppercase-8-29","21":"pa_l1-100-7","22":"pa_l1-110-9","23":"pa_l1-130-5","24":"pa_l1-60-10","25":"pa_l1-70-2-3","26":"pa_l1-80-3-3","27":"pa_l2-17-3","28":"pa_l2-22-7","29":"pa_l2-26-4","30":"pa_l2-32-3","31":"pa_l2-42-3","32":"pa_l2-52-3","33":"pa_l2-72-3","34":"pa_z-22-3","36":"first","37":"instock","38":"taxable","39":"shipping-taxable","40":"purchasable","41":"product-type-variable"},"acf":[],"_links":{"self":[{"href":"https:\/\/italtools.com\/fr\/wp-json\/wp\/v2\/product\/160326","targetHints":{"allow":["GET"]}}],"collection":[{"href":"https:\/\/italtools.com\/fr\/wp-json\/wp\/v2\/product"}],"about":[{"href":"https:\/\/italtools.com\/fr\/wp-json\/wp\/v2\/types\/product"}],"replies":[{"embeddable":true,"href":"https:\/\/italtools.com\/fr\/wp-json\/wp\/v2\/comments?post=160326"}],"wp:featuredmedia":[{"embeddable":true,"href":"https:\/\/italtools.com\/fr\/wp-json\/wp\/v2\/media\/397040"}],"wp:attachment":[{"href":"https:\/\/italtools.com\/fr\/wp-json\/wp\/v2\/media?parent=160326"}],"wp:term":[{"taxonomy":"materiale","embeddable":true,"href":"https:\/\/italtools.com\/fr\/wp-json\/wp\/v2\/materiale?post=160326"},{"taxonomy":"product_brand","embeddable":true,"href":"https:\/\/italtools.com\/fr\/wp-json\/wp\/v2\/product_brand?post=160326"},{"taxonomy":"product_cat","embeddable":true,"href":"https:\/\/italtools.com\/fr\/wp-json\/wp\/v2\/product_cat?post=160326"},{"taxonomy":"product_tag","embeddable":true,"href":"https:\/\/italtools.com\/fr\/wp-json\/wp\/v2\/product_tag?post=160326"}],"curies":[{"name":"wp","href":"https:\/\/api.w.org\/{rel}","templated":true}]}}