{"id":160277,"date":"2024-11-05T10:46:38","date_gmt":"2024-11-05T10:46:38","guid":{"rendered":"http:\/\/italtools.com\/prodotto\/meche-a-defoncer-ebauche-z3r-en-carbure-monobloc-avec-helice-negative\/"},"modified":"2025-11-18T18:01:13","modified_gmt":"2025-11-18T18:01:13","slug":"meche-a-defoncer-ebauche-z3r-avec-helice-negative","status":"publish","type":"product","link":"https:\/\/italtools.com\/fr\/product\/meche-a-defoncer-ebauche-z3r-avec-helice-negative\/","title":{"rendered":"M\u00e8che \u00e0 d\u00e9foncer \u00e9bauche Z3R avec h\u00e9lice negative"},"content":{"rendered":"<p>M\u00e8che \u00e0 d\u00e9foncer \u00e9bauche Z3R avec h\u00e9lice negative en carbure monobloc. Meilleure finition sur le dessus de la pi\u00e8ce, \u00e9vacuation des copeaux vers le bas. Utilisation: pour usinage de bois massif, panneaux et lamin\u00e9s.<\/p>\n","protected":false},"excerpt":{"rendered":"<p>M\u00e8che \u00e0 d\u00e9foncer \u00e9bauche Z3R avec h\u00e9lice negative en carbure monobloc. Meilleure finition sur le dessus de la pi\u00e8ce, \u00e9vacuation des copeaux vers le bas. Utilisation: pour usinage de bois massif, panneaux et lamin\u00e9s.<\/p>\n","protected":false},"featured_media":171925,"comment_status":"closed","ping_status":"closed","template":"","meta":{"_acf_changed":false},"materiale":[],"product_brand":[10391],"product_cat":[2777],"product_tag":[],"class_list":{"0":"post-160277","1":"product","2":"type-product","3":"status-publish","4":"has-post-thumbnail","6":"product_brand-italtools-fr","7":"product_cat-meches-a-defoncer-carbure-monobloc","8":"pa_d_undercase-10-2-3","9":"pa_d_undercase-14-15","10":"pa_d_undercase-18-8","11":"pa_d_undercase-20-8","12":"pa_d_undercase-25-19","13":"pa_d_undercase-8-19","14":"pa_d_uppercase-10-19","15":"pa_d_uppercase-14-18","16":"pa_d_uppercase-16-14","17":"pa_d_uppercase-18-17","18":"pa_d_uppercase-20-40","19":"pa_d_uppercase-25-31","20":"pa_d_uppercase-8-29","21":"pa_l1-100-7","22":"pa_l1-110-9","23":"pa_l1-120-4","24":"pa_l1-130-5","25":"pa_l1-140-6","26":"pa_l1-160-3","27":"pa_l1-70-2-3","28":"pa_l1-80-3-3","29":"pa_l1-90-5","30":"pa_l2-105-3","31":"pa_l2-22-7","32":"pa_l2-32-3","33":"pa_l2-42-3","34":"pa_l2-45-4","35":"pa_l2-52-3","36":"pa_l2-55-7","37":"pa_l2-65-3","38":"pa_l2-75-4","39":"pa_l2-85-3","40":"pa_rotation-droit","41":"pa_rotation-gauche","42":"pa_z-3r-3","44":"first","45":"instock","46":"taxable","47":"shipping-taxable","48":"product-type-variable"},"acf":[],"_links":{"self":[{"href":"https:\/\/italtools.com\/fr\/wp-json\/wp\/v2\/product\/160277","targetHints":{"allow":["GET"]}}],"collection":[{"href":"https:\/\/italtools.com\/fr\/wp-json\/wp\/v2\/product"}],"about":[{"href":"https:\/\/italtools.com\/fr\/wp-json\/wp\/v2\/types\/product"}],"replies":[{"embeddable":true,"href":"https:\/\/italtools.com\/fr\/wp-json\/wp\/v2\/comments?post=160277"}],"wp:featuredmedia":[{"embeddable":true,"href":"https:\/\/italtools.com\/fr\/wp-json\/wp\/v2\/media\/171925"}],"wp:attachment":[{"href":"https:\/\/italtools.com\/fr\/wp-json\/wp\/v2\/media?parent=160277"}],"wp:term":[{"taxonomy":"materiale","embeddable":true,"href":"https:\/\/italtools.com\/fr\/wp-json\/wp\/v2\/materiale?post=160277"},{"taxonomy":"product_brand","embeddable":true,"href":"https:\/\/italtools.com\/fr\/wp-json\/wp\/v2\/product_brand?post=160277"},{"taxonomy":"product_cat","embeddable":true,"href":"https:\/\/italtools.com\/fr\/wp-json\/wp\/v2\/product_cat?post=160277"},{"taxonomy":"product_tag","embeddable":true,"href":"https:\/\/italtools.com\/fr\/wp-json\/wp\/v2\/product_tag?post=160277"}],"curies":[{"name":"wp","href":"https:\/\/api.w.org\/{rel}","templated":true}]}}