{"id":160225,"date":"2024-11-05T10:46:33","date_gmt":"2024-11-05T10:46:33","guid":{"rendered":"http:\/\/italtools.com\/prodotto\/meche-a-defoncer-ebauche-z3r-en-carbure-monobloc-avec-helice-positive\/"},"modified":"2025-11-18T17:19:23","modified_gmt":"2025-11-18T17:19:23","slug":"meche-a-defoncer-ebauche-z3r-avec-helice-positive","status":"publish","type":"product","link":"https:\/\/italtools.com\/fr\/product\/meche-a-defoncer-ebauche-z3r-avec-helice-positive\/","title":{"rendered":"M\u00e8che \u00e0 d\u00e9foncer \u00e9bauche Z3R avec h\u00e9lice positive"},"content":{"rendered":"<p>M\u00e8che \u00e0 d\u00e9foncer \u00e9bauche Z3R avec h\u00e9lice positive en carbure monobloc.\u00a0 Meilleure finition sur le dessous de la pi\u00e8ce, \u00e9vacuation des copeaux vers le haut.\u00a0 Utilisation: pour usinage de bois massif, panneaux et lamin\u00e9s.<\/p>\n","protected":false},"excerpt":{"rendered":"<p>M\u00e8che \u00e0 d\u00e9foncer \u00e9bauche Z3R avec h\u00e9lice positive en carbure monobloc.\u00a0 Meilleure finition sur le dessous de la pi\u00e8ce, \u00e9vacuation des copeaux vers le haut.\u00a0 Utilisation: pour usinage de bois massif, panneaux et lamin\u00e9s.<\/p>\n","protected":false},"featured_media":171921,"comment_status":"closed","ping_status":"closed","template":"","meta":{"_acf_changed":false},"materiale":[],"product_brand":[10391],"product_cat":[2777],"product_tag":[],"class_list":{"0":"post-160225","1":"product","2":"type-product","3":"status-publish","4":"has-post-thumbnail","6":"product_brand-italtools-fr","7":"product_cat-meches-a-defoncer-carbure-monobloc","8":"pa_d_undercase-10-2-3","9":"pa_d_undercase-14-15","10":"pa_d_undercase-18-8","11":"pa_d_undercase-20-8","12":"pa_d_undercase-25-19","13":"pa_d_undercase-6-7","14":"pa_d_undercase-8-19","15":"pa_d_uppercase-10-19","16":"pa_d_uppercase-14-18","17":"pa_d_uppercase-16-14","18":"pa_d_uppercase-18-17","19":"pa_d_uppercase-20-40","20":"pa_d_uppercase-25-31","21":"pa_d_uppercase-6-27","22":"pa_d_uppercase-8-29","23":"pa_l1-100-7","24":"pa_l1-110-9","25":"pa_l1-120-4","26":"pa_l1-130-5","27":"pa_l1-140-6","28":"pa_l1-160-3","29":"pa_l1-60-10","30":"pa_l1-70-2-3","31":"pa_l1-80-3-3","32":"pa_l1-90-5","33":"pa_l2-105-3","34":"pa_l2-22-7","35":"pa_l2-25-10","36":"pa_l2-32-3","37":"pa_l2-42-3","38":"pa_l2-45-4","39":"pa_l2-52-3","40":"pa_l2-55-7","41":"pa_l2-65-3","42":"pa_l2-75-4","43":"pa_l2-85-3","44":"pa_rotation-droit","45":"pa_rotation-gauche","46":"pa_z-3r-3","48":"first","49":"instock","50":"featured","51":"taxable","52":"shipping-taxable","53":"product-type-variable"},"acf":[],"_links":{"self":[{"href":"https:\/\/italtools.com\/fr\/wp-json\/wp\/v2\/product\/160225","targetHints":{"allow":["GET"]}}],"collection":[{"href":"https:\/\/italtools.com\/fr\/wp-json\/wp\/v2\/product"}],"about":[{"href":"https:\/\/italtools.com\/fr\/wp-json\/wp\/v2\/types\/product"}],"replies":[{"embeddable":true,"href":"https:\/\/italtools.com\/fr\/wp-json\/wp\/v2\/comments?post=160225"}],"wp:featuredmedia":[{"embeddable":true,"href":"https:\/\/italtools.com\/fr\/wp-json\/wp\/v2\/media\/171921"}],"wp:attachment":[{"href":"https:\/\/italtools.com\/fr\/wp-json\/wp\/v2\/media?parent=160225"}],"wp:term":[{"taxonomy":"materiale","embeddable":true,"href":"https:\/\/italtools.com\/fr\/wp-json\/wp\/v2\/materiale?post=160225"},{"taxonomy":"product_brand","embeddable":true,"href":"https:\/\/italtools.com\/fr\/wp-json\/wp\/v2\/product_brand?post=160225"},{"taxonomy":"product_cat","embeddable":true,"href":"https:\/\/italtools.com\/fr\/wp-json\/wp\/v2\/product_cat?post=160225"},{"taxonomy":"product_tag","embeddable":true,"href":"https:\/\/italtools.com\/fr\/wp-json\/wp\/v2\/product_tag?post=160225"}],"curies":[{"name":"wp","href":"https:\/\/api.w.org\/{rel}","templated":true}]}}