{"id":160089,"date":"2024-11-05T10:46:21","date_gmt":"2024-11-05T10:46:21","guid":{"rendered":"http:\/\/italtools.com\/prodotto\/meche-a-defoncer-finition-z2-en-carbure-monobloc-avec-helice-negative\/"},"modified":"2025-11-18T16:58:20","modified_gmt":"2025-11-18T16:58:20","slug":"meche-a-defoncer-finition-z2-avec-helice-negative","status":"publish","type":"product","link":"https:\/\/italtools.com\/fr\/product\/meche-a-defoncer-finition-z2-avec-helice-negative\/","title":{"rendered":"M\u00e8che \u00e0 d\u00e9foncer finition Z2 avec h\u00e9lice n\u00e9gative"},"content":{"rendered":"<p>M\u00e8che \u00e0 d\u00e9foncer finition Z2 avec h\u00e9lice n\u00e9gative en carbure monobloc. Meilleure finition sur le dessus de la pi\u00e8ce, \u00e9vacuation des copeaux vers le bas. Utilisation: pour usinage de bois massif, panneaux et mati\u00e8res plastiques.<\/p>\n","protected":false},"excerpt":{"rendered":"<p>M\u00e8che \u00e0 d\u00e9foncer finition Z2 avec h\u00e9lice n\u00e9gative en carbure monobloc. Meilleure finition sur le dessus de la pi\u00e8ce, \u00e9vacuation des copeaux vers le bas. Utilisation: pour usinage de bois massif, panneaux et mati\u00e8res plastiques.<\/p>\n","protected":false},"featured_media":171909,"comment_status":"closed","ping_status":"closed","template":"","meta":{"_acf_changed":false},"materiale":[],"product_brand":[10391],"product_cat":[2777],"product_tag":[],"class_list":{"0":"post-160089","1":"product","2":"type-product","3":"status-publish","4":"has-post-thumbnail","6":"product_brand-italtools-fr","7":"product_cat-meches-a-defoncer-carbure-monobloc","8":"pa_d_undercase-10-2-3","9":"pa_d_undercase-14-15","10":"pa_d_undercase-3-17","11":"pa_d_undercase-4-18","12":"pa_d_undercase-5-19","13":"pa_d_undercase-6-7","14":"pa_d_undercase-8-19","15":"pa_d_uppercase-10-19","16":"pa_d_uppercase-14-18","17":"pa_d_uppercase-16-14","18":"pa_d_uppercase-3-33","19":"pa_d_uppercase-4-32","20":"pa_d_uppercase-5-33","21":"pa_d_uppercase-6-27","22":"pa_d_uppercase-8-29","23":"pa_l1-100-7","24":"pa_l1-110-9","25":"pa_l1-50-15","26":"pa_l1-60-10","27":"pa_l1-70-2-3","28":"pa_l1-80-3-3","29":"pa_l1-90-5","30":"pa_l2-12-20","31":"pa_l2-15-14","32":"pa_l2-17-3","33":"pa_l2-22-7","34":"pa_l2-26-4","35":"pa_l2-32-3","36":"pa_l2-42-3","37":"pa_l2-45-4","38":"pa_l2-52-3","39":"pa_l2-55-7","40":"pa_rotation-droit","41":"pa_rotation-gauche","42":"pa_z-2-12","44":"first","45":"instock","46":"taxable","47":"shipping-taxable","48":"purchasable","49":"product-type-variable"},"acf":[],"_links":{"self":[{"href":"https:\/\/italtools.com\/fr\/wp-json\/wp\/v2\/product\/160089","targetHints":{"allow":["GET"]}}],"collection":[{"href":"https:\/\/italtools.com\/fr\/wp-json\/wp\/v2\/product"}],"about":[{"href":"https:\/\/italtools.com\/fr\/wp-json\/wp\/v2\/types\/product"}],"replies":[{"embeddable":true,"href":"https:\/\/italtools.com\/fr\/wp-json\/wp\/v2\/comments?post=160089"}],"wp:featuredmedia":[{"embeddable":true,"href":"https:\/\/italtools.com\/fr\/wp-json\/wp\/v2\/media\/171909"}],"wp:attachment":[{"href":"https:\/\/italtools.com\/fr\/wp-json\/wp\/v2\/media?parent=160089"}],"wp:term":[{"taxonomy":"materiale","embeddable":true,"href":"https:\/\/italtools.com\/fr\/wp-json\/wp\/v2\/materiale?post=160089"},{"taxonomy":"product_brand","embeddable":true,"href":"https:\/\/italtools.com\/fr\/wp-json\/wp\/v2\/product_brand?post=160089"},{"taxonomy":"product_cat","embeddable":true,"href":"https:\/\/italtools.com\/fr\/wp-json\/wp\/v2\/product_cat?post=160089"},{"taxonomy":"product_tag","embeddable":true,"href":"https:\/\/italtools.com\/fr\/wp-json\/wp\/v2\/product_tag?post=160089"}],"curies":[{"name":"wp","href":"https:\/\/api.w.org\/{rel}","templated":true}]}}