{"id":160048,"date":"2024-11-05T10:46:18","date_gmt":"2024-11-05T10:46:18","guid":{"rendered":"http:\/\/italtools.com\/prodotto\/meche-a-defoncer-finition-z2-en-carbure-monobloc-avec-helice-positive\/"},"modified":"2025-11-18T16:57:20","modified_gmt":"2025-11-18T16:57:20","slug":"meche-a-defoncer-finition-z2-avec-helice-positive","status":"publish","type":"product","link":"https:\/\/italtools.com\/fr\/product\/meche-a-defoncer-finition-z2-avec-helice-positive\/","title":{"rendered":"M\u00e8che \u00e0 d\u00e9foncer finition Z2 avec h\u00e9lice positive"},"content":{"rendered":"<p>M\u00e8che \u00e0 d\u00e9foncer finition Z2 avec h\u00e9lice positive\u00a0en carbure monobloc. Meilleure finition sur le dessous de la pi\u00e8ce, \u00e9vacuation des copeaux vers le haut. Utilisation: pour usinage de bois massif, panneaux et mati\u00e8res plastiques.<\/p>\n","protected":false},"excerpt":{"rendered":"<p>M\u00e8che \u00e0 d\u00e9foncer finition Z2 avec h\u00e9lice positive\u00a0en carbure monobloc. Meilleure finition sur le dessous de la pi\u00e8ce, \u00e9vacuation des copeaux vers le haut. Utilisation: pour usinage de bois massif, panneaux et mati\u00e8res plastiques.<\/p>\n","protected":false},"featured_media":397023,"comment_status":"closed","ping_status":"closed","template":"","meta":{"_acf_changed":false},"materiale":[],"product_brand":[10391],"product_cat":[2777],"product_tag":[],"class_list":{"0":"post-160048","1":"product","2":"type-product","3":"status-publish","4":"has-post-thumbnail","6":"product_brand-italtools-fr","7":"product_cat-meches-a-defoncer-carbure-monobloc","8":"pa_d_undercase-10-2-3","9":"pa_d_undercase-14-15","10":"pa_d_undercase-18-8","11":"pa_d_undercase-20-8","12":"pa_d_undercase-3-17","13":"pa_d_undercase-4-18","14":"pa_d_undercase-5-19","15":"pa_d_undercase-6-7","16":"pa_d_undercase-8-19","17":"pa_d_uppercase-10-19","18":"pa_d_uppercase-14-18","19":"pa_d_uppercase-16-14","20":"pa_d_uppercase-18-17","21":"pa_d_uppercase-20-40","22":"pa_d_uppercase-3-33","23":"pa_d_uppercase-4-32","24":"pa_d_uppercase-5-33","25":"pa_d_uppercase-6-27","26":"pa_d_uppercase-8-29","27":"pa_l1-100-7","28":"pa_l1-110-9","29":"pa_l1-130-5","30":"pa_l1-140-6","31":"pa_l1-160-3","32":"pa_l1-50-15","33":"pa_l1-60-10","34":"pa_l1-70-2-3","35":"pa_l1-80-3-3","36":"pa_l1-90-5","37":"pa_l2-105-3","38":"pa_l2-12-20","39":"pa_l2-15-14","40":"pa_l2-17-3","41":"pa_l2-22-7","42":"pa_l2-26-4","43":"pa_l2-32-3","44":"pa_l2-42-3","45":"pa_l2-45-4","46":"pa_l2-52-3","47":"pa_l2-55-7","48":"pa_l2-75-4","49":"pa_l2-85-3","50":"pa_rotation-droit","51":"pa_rotation-gauche","52":"pa_z-2-12","54":"first","55":"instock","56":"taxable","57":"shipping-taxable","58":"purchasable","59":"product-type-variable"},"acf":[],"_links":{"self":[{"href":"https:\/\/italtools.com\/fr\/wp-json\/wp\/v2\/product\/160048","targetHints":{"allow":["GET"]}}],"collection":[{"href":"https:\/\/italtools.com\/fr\/wp-json\/wp\/v2\/product"}],"about":[{"href":"https:\/\/italtools.com\/fr\/wp-json\/wp\/v2\/types\/product"}],"replies":[{"embeddable":true,"href":"https:\/\/italtools.com\/fr\/wp-json\/wp\/v2\/comments?post=160048"}],"wp:featuredmedia":[{"embeddable":true,"href":"https:\/\/italtools.com\/fr\/wp-json\/wp\/v2\/media\/397023"}],"wp:attachment":[{"href":"https:\/\/italtools.com\/fr\/wp-json\/wp\/v2\/media?parent=160048"}],"wp:term":[{"taxonomy":"materiale","embeddable":true,"href":"https:\/\/italtools.com\/fr\/wp-json\/wp\/v2\/materiale?post=160048"},{"taxonomy":"product_brand","embeddable":true,"href":"https:\/\/italtools.com\/fr\/wp-json\/wp\/v2\/product_brand?post=160048"},{"taxonomy":"product_cat","embeddable":true,"href":"https:\/\/italtools.com\/fr\/wp-json\/wp\/v2\/product_cat?post=160048"},{"taxonomy":"product_tag","embeddable":true,"href":"https:\/\/italtools.com\/fr\/wp-json\/wp\/v2\/product_tag?post=160048"}],"curies":[{"name":"wp","href":"https:\/\/api.w.org\/{rel}","templated":true}]}}