{"id":159957,"date":"2024-11-05T10:46:09","date_gmt":"2024-11-05T10:46:09","guid":{"rendered":"http:\/\/italtools.com\/prodotto\/meche-a-defoncer-nesting-z33-en-carbure-monobloc-avec-revetement-ultralong-pour-une-finition-de-haute-qualite-sur-les-deux-cotes-de-la-piece\/"},"modified":"2025-01-08T22:36:59","modified_gmt":"2025-01-08T22:36:59","slug":"meche-a-defoncer-nesting-z33-en-carbure-monobloc-avec-revetement-ultralong-pour-une-finition-de-haute-qualite-sur-les-deux-cotes-de-la-piece","status":"publish","type":"product","link":"https:\/\/italtools.com\/fr\/product\/meche-a-defoncer-nesting-z33-en-carbure-monobloc-avec-revetement-ultralong-pour-une-finition-de-haute-qualite-sur-les-deux-cotes-de-la-piece\/","title":{"rendered":"M\u00e8che \u00e0 d\u00e9foncer NESTING Z3+3 en carbure monobloc avec rev\u00eatement ULTRALONG pour une finition de haute qualit\u00e9 sur les deux c\u00f4t\u00e9s de la pi\u00e8ce"},"content":{"rendered":"<p>Fraise \u00e0 d\u00e9foncer de finition en carbure monobloc avec rev\u00eatement ULTRALONG Z3+3. Vitesse d&rsquo;avance \u00e9lev\u00e9e.  Utilisation: pour usinage de bois massif, panneaux et lamin\u00e9s, mati\u00e8res plastiques, OSB  Machines: Centres de travail CNC, d\u00e9fenceuses  Caract\u00e9ristiques: &#8211; Carbure monobloc micro-grains \u00e0 tr\u00e8s haute t\u00e9nacit\u00e9; &#8211; Vitesse d&rsquo;avance jusqu&rsquo;\u00e0 20 m\u00e8tres\/min. ** gr\u00e2ce \u00e0 la particuli\u00e8re g\u00e9om\u00e9trie des coupes; &#8211; Excellente finition sur les deux faces du panneau; &#8211; Dur\u00e9e jusqu&rsquo;\u00e0 150% en plus par rapport aux fraises traditionnelles gr\u00e2ce au rev\u00eatement sp\u00e9cial ULTRALONG.  ** A condition que le panneau soit bien fix\u00e9 sur la machine.<\/p>\n","protected":false},"excerpt":{"rendered":"<p>Fraise \u00e0 d\u00e9foncer de finition en carbure monobloc avec rev\u00eatement ULTRALONG Z3+3. Vitesse d&rsquo;avance \u00e9lev\u00e9e. Utilisation: pour usinage de bois massif, panneaux et lamin\u00e9s, mati\u00e8res plastiques, OSB Machines: Centres de travail CNC, d\u00e9fenceuses Caract\u00e9ristiques: &#8211; Carbure monobloc micro-grains \u00e0 tr\u00e8s haute t\u00e9nacit\u00e9; &#8211; Vitesse d&rsquo;avance jusqu&rsquo;\u00e0 20 m\u00e8tres\/min. ** gr\u00e2ce \u00e0 la particuli\u00e8re g\u00e9om\u00e9trie des [&hellip;]<\/p>\n","protected":false},"featured_media":171881,"comment_status":"closed","ping_status":"closed","template":"","meta":{"_acf_changed":false},"materiale":[],"product_brand":[10391],"product_cat":[2777],"product_tag":[],"class_list":{"0":"post-159957","1":"product","2":"type-product","3":"status-publish","4":"has-post-thumbnail","6":"product_brand-italtools-fr","7":"product_cat-meches-a-defoncer-carbure-monobloc","8":"pa_d_undercase-10-2-3","9":"pa_d_uppercase-10-19","10":"pa_d_uppercase-16-14","11":"pa_l1-80-3-3","12":"pa_z-33-3-3","14":"first","15":"instock","16":"taxable","17":"shipping-taxable","18":"purchasable","19":"product-type-variable"},"acf":[],"_links":{"self":[{"href":"https:\/\/italtools.com\/fr\/wp-json\/wp\/v2\/product\/159957","targetHints":{"allow":["GET"]}}],"collection":[{"href":"https:\/\/italtools.com\/fr\/wp-json\/wp\/v2\/product"}],"about":[{"href":"https:\/\/italtools.com\/fr\/wp-json\/wp\/v2\/types\/product"}],"replies":[{"embeddable":true,"href":"https:\/\/italtools.com\/fr\/wp-json\/wp\/v2\/comments?post=159957"}],"wp:featuredmedia":[{"embeddable":true,"href":"https:\/\/italtools.com\/fr\/wp-json\/wp\/v2\/media\/171881"}],"wp:attachment":[{"href":"https:\/\/italtools.com\/fr\/wp-json\/wp\/v2\/media?parent=159957"}],"wp:term":[{"taxonomy":"materiale","embeddable":true,"href":"https:\/\/italtools.com\/fr\/wp-json\/wp\/v2\/materiale?post=159957"},{"taxonomy":"product_brand","embeddable":true,"href":"https:\/\/italtools.com\/fr\/wp-json\/wp\/v2\/product_brand?post=159957"},{"taxonomy":"product_cat","embeddable":true,"href":"https:\/\/italtools.com\/fr\/wp-json\/wp\/v2\/product_cat?post=159957"},{"taxonomy":"product_tag","embeddable":true,"href":"https:\/\/italtools.com\/fr\/wp-json\/wp\/v2\/product_tag?post=159957"}],"curies":[{"name":"wp","href":"https:\/\/api.w.org\/{rel}","templated":true}]}}