{"id":159946,"date":"2024-11-05T10:46:06","date_gmt":"2024-11-05T10:46:06","guid":{"rendered":"http:\/\/italtools.com\/prodotto\/meche-a-defoncer-nesting-z4-de-finition-en-carbure-monobloc-pour-vitesses-davance-elevees\/"},"modified":"2025-01-08T22:37:00","modified_gmt":"2025-01-08T22:37:00","slug":"meche-a-defoncer-nesting-z4-de-finition-en-carbure-monobloc-pour-vitesses-davance-elevees","status":"publish","type":"product","link":"https:\/\/italtools.com\/fr\/product\/meche-a-defoncer-nesting-z4-de-finition-en-carbure-monobloc-pour-vitesses-davance-elevees\/","title":{"rendered":"M\u00e8che \u00e0 d\u00e9foncer NESTING Z4 de finition en carbure monobloc  pour vitesses d&rsquo;avance \u00e9lev\u00e9es"},"content":{"rendered":"<p>Fraise &agrave; d&eacute;foncer de finition en carbure monobloc Z4 avec rev&ecirc;tement ULTRALONG. Vitesse d&#39;avance &eacute;lev&eacute;e. Utilisation: pour usinage de bois massif, panneaux et lamin&eacute;s, bois plaqu&eacute;, mati&egrave;res plastiques, OSB Machines: Centres de travail CNC, d&eacute;fenceuses Caract&eacute;ristiques: &#8211; Carbure monobloc micro-grains &agrave; tr&egrave;s haute t&eacute;nacit&eacute;; &#8211; Vitesse d&#39;avance jusqu&#39;&agrave; 20 m&egrave;tres\/min. ** gr&acirc;ce &agrave; la particuli&egrave;re g&eacute;om&eacute;trie des coupes; &#8211; Excellente finition sur les deux faces du panneau; &#8211; Lettre &quot;U&quot; dans le code = rev&ecirc;tement sp&eacute;cial ULTRALONG avec dur&eacute;e jusqu&#39;&agrave;&nbsp;150%&nbsp;en plus par rapport aux fraises traditionnelles. ** A condition que le panneau soit bien fix&eacute; sur la machine.<\/p>\n","protected":false},"excerpt":{"rendered":"<p>Fraise &agrave; d&eacute;foncer de finition en carbure monobloc Z4 avec rev&ecirc;tement ULTRALONG. Vitesse d&#39;avance &eacute;lev&eacute;e. Utilisation: pour usinage de bois massif, panneaux et lamin&eacute;s, bois plaqu&eacute;, mati&egrave;res plastiques, OSB Machines: Centres de travail CNC, d&eacute;fenceuses Caract&eacute;ristiques: &#8211; Carbure monobloc micro-grains &agrave; tr&egrave;s haute t&eacute;nacit&eacute;; &#8211; Vitesse d&#39;avance jusqu&#39;&agrave; 20 m&egrave;tres\/min. ** gr&acirc;ce &agrave; la particuli&egrave;re [&hellip;]<\/p>\n","protected":false},"featured_media":154516,"comment_status":"closed","ping_status":"closed","template":"","meta":{"_acf_changed":false},"materiale":[],"product_brand":[10391],"product_cat":[2777],"product_tag":[],"class_list":{"0":"post-159946","1":"product","2":"type-product","3":"status-publish","4":"has-post-thumbnail","6":"product_brand-italtools-fr","7":"product_cat-meches-a-defoncer-carbure-monobloc","8":"pa_d_undercase-10-2-3","9":"pa_d_uppercase-10-19","10":"pa_d_uppercase-16-14","11":"pa_l1-80-3-3","12":"pa_l2-30-4-2","14":"first","15":"instock","16":"taxable","17":"shipping-taxable","18":"purchasable","19":"product-type-variable"},"acf":[],"_links":{"self":[{"href":"https:\/\/italtools.com\/fr\/wp-json\/wp\/v2\/product\/159946","targetHints":{"allow":["GET"]}}],"collection":[{"href":"https:\/\/italtools.com\/fr\/wp-json\/wp\/v2\/product"}],"about":[{"href":"https:\/\/italtools.com\/fr\/wp-json\/wp\/v2\/types\/product"}],"replies":[{"embeddable":true,"href":"https:\/\/italtools.com\/fr\/wp-json\/wp\/v2\/comments?post=159946"}],"wp:featuredmedia":[{"embeddable":true,"href":"https:\/\/italtools.com\/fr\/wp-json\/wp\/v2\/media\/154516"}],"wp:attachment":[{"href":"https:\/\/italtools.com\/fr\/wp-json\/wp\/v2\/media?parent=159946"}],"wp:term":[{"taxonomy":"materiale","embeddable":true,"href":"https:\/\/italtools.com\/fr\/wp-json\/wp\/v2\/materiale?post=159946"},{"taxonomy":"product_brand","embeddable":true,"href":"https:\/\/italtools.com\/fr\/wp-json\/wp\/v2\/product_brand?post=159946"},{"taxonomy":"product_cat","embeddable":true,"href":"https:\/\/italtools.com\/fr\/wp-json\/wp\/v2\/product_cat?post=159946"},{"taxonomy":"product_tag","embeddable":true,"href":"https:\/\/italtools.com\/fr\/wp-json\/wp\/v2\/product_tag?post=159946"}],"curies":[{"name":"wp","href":"https:\/\/api.w.org\/{rel}","templated":true}]}}