{"id":159939,"date":"2024-11-05T10:46:06","date_gmt":"2024-11-05T10:46:06","guid":{"rendered":"http:\/\/italtools.com\/prodotto\/fraise-a-defoncer-en-diamant-z33-pour-hautes-vitesses\/"},"modified":"2025-11-17T09:29:36","modified_gmt":"2025-11-17T09:29:36","slug":"fraise-a-defoncer-en-diamant-z33-pour-hautes-vitesses","status":"publish","type":"product","link":"https:\/\/italtools.com\/fr\/product\/fraise-a-defoncer-en-diamant-z33-pour-hautes-vitesses\/","title":{"rendered":"Fraise \u00e0 d\u00e9foncer en diamant  Z3+3 pour hautes vitesses"},"content":{"rendered":"<p>Fraise \u00e0 d\u00e9foncer en diamant Z3+3 pour hautes vitesses<\/p>\n<p>Utilisation: pour usinage et op\u00e9rations de nesting sur panneaux en particules de bois, \u00a0lamin\u00e9s.<\/p>\n<p>Machines: Centres de travail CNC, d\u00e9fonceuses.<\/p>\n<p>Caract\u00e9ristiques: Corps en m\u00e9tal lourd Densimet\u00ae \u00e0 tr\u00e8s haute t\u00e9nacit\u00e9.<\/p>\n","protected":false},"excerpt":{"rendered":"<p>Fraise \u00e0 d\u00e9foncer en diamant Z3+3 pour hautes vitesses Utilisation: pour usinage et op\u00e9rations de nesting sur panneaux en particules de bois, \u00a0lamin\u00e9s. Machines: Centres de travail CNC, d\u00e9fonceuses. Caract\u00e9ristiques: Corps en m\u00e9tal lourd Densimet\u00ae \u00e0 tr\u00e8s haute t\u00e9nacit\u00e9.<\/p>\n","protected":false},"featured_media":397234,"comment_status":"closed","ping_status":"closed","template":"","meta":{"_acf_changed":false},"materiale":[],"product_brand":[10391],"product_cat":[2776,2775],"product_tag":[],"class_list":{"0":"post-159939","1":"product","2":"type-product","3":"status-publish","4":"has-post-thumbnail","6":"product_brand-italtools-fr","7":"product_cat-defonceuses-cnc","8":"product_cat-meches-a-defoncer-diamant-pour-centres-de-travail-cnc","9":"pa_d_undercase-16-2-3","10":"pa_d_uppercase-14-18","11":"pa_d_uppercase-16-14","12":"pa_l1-65-18","13":"pa_l1-70-2-3","14":"pa_l1-75-2-3","15":"pa_l1-80-3-3","16":"pa_l1-85-6","17":"pa_l1-91-3","18":"pa_l2-19-2-3","19":"pa_l2-22-7","20":"pa_l2-24-4-4","21":"pa_l2-29-3","22":"pa_l2-35-2","23":"pa_l3-40-4-3","24":"pa_l3-50-30","25":"pa_rotation-droit","26":"pa_rotation-gauche","27":"pa_z-33-3-3","29":"first","30":"instock","31":"taxable","32":"shipping-taxable","33":"purchasable","34":"product-type-variable"},"acf":[],"_links":{"self":[{"href":"https:\/\/italtools.com\/fr\/wp-json\/wp\/v2\/product\/159939","targetHints":{"allow":["GET"]}}],"collection":[{"href":"https:\/\/italtools.com\/fr\/wp-json\/wp\/v2\/product"}],"about":[{"href":"https:\/\/italtools.com\/fr\/wp-json\/wp\/v2\/types\/product"}],"replies":[{"embeddable":true,"href":"https:\/\/italtools.com\/fr\/wp-json\/wp\/v2\/comments?post=159939"}],"wp:featuredmedia":[{"embeddable":true,"href":"https:\/\/italtools.com\/fr\/wp-json\/wp\/v2\/media\/397234"}],"wp:attachment":[{"href":"https:\/\/italtools.com\/fr\/wp-json\/wp\/v2\/media?parent=159939"}],"wp:term":[{"taxonomy":"materiale","embeddable":true,"href":"https:\/\/italtools.com\/fr\/wp-json\/wp\/v2\/materiale?post=159939"},{"taxonomy":"product_brand","embeddable":true,"href":"https:\/\/italtools.com\/fr\/wp-json\/wp\/v2\/product_brand?post=159939"},{"taxonomy":"product_cat","embeddable":true,"href":"https:\/\/italtools.com\/fr\/wp-json\/wp\/v2\/product_cat?post=159939"},{"taxonomy":"product_tag","embeddable":true,"href":"https:\/\/italtools.com\/fr\/wp-json\/wp\/v2\/product_tag?post=159939"}],"curies":[{"name":"wp","href":"https:\/\/api.w.org\/{rel}","templated":true}]}}