{"id":159759,"date":"2024-11-05T10:45:51","date_gmt":"2024-11-05T10:45:51","guid":{"rendered":"http:\/\/italtools.com\/prodotto\/plaquettes-carbure-standard-pour-bois-durs-panneaux-de-particules-melamine\/"},"modified":"2025-02-28T13:09:34","modified_gmt":"2025-02-28T13:09:34","slug":"plaquettes-carbure-standard-pour-bois-durs-panneaux-de-particules-melamine","status":"publish","type":"product","link":"https:\/\/italtools.com\/fr\/product\/plaquettes-carbure-standard-pour-bois-durs-panneaux-de-particules-melamine\/","title":{"rendered":"Plaquettes carbure standard pour bois durs, panneaux de particules, m\u00e9lamin\u00e9"},"content":{"rendered":"<p>Plaquettes carbure reversibles pour mat\u00e9riaux durs,\u00a0particuli\u00e8rement conseill\u00e9 pour bois durs, panneaux\u00a0de particules, m\u00e9lamin\u00e9.\u00a0Duret\u00e9 2100 HV10<\/p>\n<p>Boite avec 10 pi\u00e8ces<\/p>\n","protected":false},"excerpt":{"rendered":"<p>Plaquettes carbure reversibles pour mat\u00e9riaux durs,\u00a0particuli\u00e8rement conseill\u00e9 pour bois durs, panneaux\u00a0de particules, m\u00e9lamin\u00e9.\u00a0Duret\u00e9 2100 HV10 Boite avec 10 pi\u00e8ces<\/p>\n","protected":false},"featured_media":178683,"comment_status":"closed","ping_status":"closed","template":"","meta":{"_acf_changed":false},"materiale":[],"product_brand":[10391],"product_cat":[2772],"product_tag":[],"class_list":{"0":"post-159759","1":"product","2":"type-product","3":"status-publish","4":"has-post-thumbnail","6":"product_brand-italtools-fr","7":"product_cat-couteaux-et-plaquettes","8":"pa_h_uppercase-12-12","9":"pa_h_uppercase-13-7","10":"pa_l_uppercase-12-9","11":"pa_l_uppercase-15-3","12":"pa_l_uppercase-20-6","13":"pa_l_uppercase-30-3","14":"pa_l_uppercase-40-2","15":"pa_l_uppercase-60-3","16":"pa_l_uppercase-80-5","18":"first","19":"instock","20":"taxable","21":"shipping-taxable","22":"purchasable","23":"product-type-variable"},"acf":[],"_links":{"self":[{"href":"https:\/\/italtools.com\/fr\/wp-json\/wp\/v2\/product\/159759","targetHints":{"allow":["GET"]}}],"collection":[{"href":"https:\/\/italtools.com\/fr\/wp-json\/wp\/v2\/product"}],"about":[{"href":"https:\/\/italtools.com\/fr\/wp-json\/wp\/v2\/types\/product"}],"replies":[{"embeddable":true,"href":"https:\/\/italtools.com\/fr\/wp-json\/wp\/v2\/comments?post=159759"}],"wp:featuredmedia":[{"embeddable":true,"href":"https:\/\/italtools.com\/fr\/wp-json\/wp\/v2\/media\/178683"}],"wp:attachment":[{"href":"https:\/\/italtools.com\/fr\/wp-json\/wp\/v2\/media?parent=159759"}],"wp:term":[{"taxonomy":"materiale","embeddable":true,"href":"https:\/\/italtools.com\/fr\/wp-json\/wp\/v2\/materiale?post=159759"},{"taxonomy":"product_brand","embeddable":true,"href":"https:\/\/italtools.com\/fr\/wp-json\/wp\/v2\/product_brand?post=159759"},{"taxonomy":"product_cat","embeddable":true,"href":"https:\/\/italtools.com\/fr\/wp-json\/wp\/v2\/product_cat?post=159759"},{"taxonomy":"product_tag","embeddable":true,"href":"https:\/\/italtools.com\/fr\/wp-json\/wp\/v2\/product_tag?post=159759"}],"curies":[{"name":"wp","href":"https:\/\/api.w.org\/{rel}","templated":true}]}}