{"id":173281,"date":"2024-10-29T13:08:18","date_gmt":"2024-10-29T13:08:18","guid":{"rendered":"http:\/\/italtools.com\/politique-de-confidentialite\/"},"modified":"2024-11-08T13:45:03","modified_gmt":"2024-11-08T13:45:03","slug":"politique-de-confidentialite","status":"publish","type":"page","link":"https:\/\/italtools.com\/fr\/politique-de-confidentialite\/","title":{"rendered":"Politique de confidentialit\u00e9"},"content":{"rendered":"\t\t<div data-elementor-type=\"wp-page\" data-elementor-id=\"173281\" class=\"elementor elementor-173281 elementor-103290\" data-elementor-post-type=\"page\">\n\t\t\t\t<div class=\"elementor-element elementor-element-7c79b98c e-flex e-con-boxed e-con e-parent\" data-id=\"7c79b98c\" data-element_type=\"container\" data-e-type=\"container\">\n\t\t\t\t\t<div class=\"e-con-inner\">\n\t\t\t\t<div class=\"elementor-element elementor-element-460cd35 elementor-widget elementor-widget-heading\" data-id=\"460cd35\" data-element_type=\"widget\" data-e-type=\"widget\" data-widget_type=\"heading.default\">\n\t\t\t\t\t<h2 class=\"elementor-heading-title elementor-size-default\">Politique de confidentialit\u00e9<\/h2>\t\t\t\t<\/div>\n\t\t\t\t<div class=\"elementor-element elementor-element-54b8c2fc elementor-widget elementor-widget-text-editor\" data-id=\"54b8c2fc\" data-element_type=\"widget\" data-e-type=\"widget\" data-widget_type=\"text-editor.default\">\n\t\t\t\t\t\t\t\t\t\n<p><strong>DONN\u00c9ES \u00c0 CARACT\u00c8RE PERSONNEL<\/strong><\/p>\n\n\n\n<p>Nous souhaitons vous informer, par rapport \u00e0 votre r\u00f4le de personne int\u00e9ress\u00e9e au traitement des donn\u00e9es \u00e0 caract\u00e8re personnel, que le \u00ab R\u00e8glement (UE) n. 2016\/679 du Parlement Europ\u00e9en et du Conseil datant du 27 avril 2016 pr\u00e9voit la protection des personnes physiques \u00e0 l\u2019\u00e9gard du traitement des donn\u00e9es, et la libre circulation de ces donn\u00e9es.<br>Selon le r\u00e8glement indiqu\u00e9, le traitement des donn\u00e9es devra respecter les principes et droits fondamentaux, et ces r\u00e8gles visent \u00e0 contribuer \u00e0 la r\u00e9alisation d\u2019un espace de libert\u00e9, de s\u00e9curit\u00e9 et de justice.<br>Cette directive qui vous informe sur le traitement des donn\u00e9es personnelles d\u00e9crit la mani\u00e8re dont nous recueillons et traitons Vos donn\u00e9es personnelles au travers des sites web, des dispositifs, produits, services et applications que nous ex\u00e9cutons en suivant cette l\u00e9gislation.  <\/p>\n\n\n\n<p><strong>TRAITEMENT DONN\u00c9ES PERSONNELLES POUR LES UTILISATEURS DU SITE &nbsp;<\/strong><strong>WWW.ITALTOOLS.COM<\/strong><\/p>\n\n\n\n<p><strong>Responsables du traitement des donn\u00e9es personnelles<\/strong><\/p>\n\n\n\n<p><br><br>Le responsable du traitement est ITAL TRADE SRL SOCIO UNICO, avec si\u00e8ge \u00e0 (50052) Certaldo (FI), Via Don Minzoni, n. 123, Cod. Fisc. 05841350480 Part. IVA 91031240483, tel. +39 0571.668024 e-mail: &nbsp;info@italtools.com (nomm\u00e9 \u00e0 partir de maintenant comme \u201cResponsable du traitement\u201d)&nbsp;  <\/p>\n\n\n\n<p><br><br>Cat\u00e9gories des donn\u00e9es personnelles des clients r\u00e9cup\u00e9r\u00e9es par le responsable du traitement.<\/p>\n\n\n\n<p>Les donn\u00e9es personnelles sont r\u00e9cup\u00e9r\u00e9es afin de fournir nos produits, en plus de nous permettre d\u2019am\u00e9liorer constamment le service, afin de satisfaire toutes vos exigences.<\/p>\n\n\n\n<p>Les cat\u00e9gories de donn\u00e9es que nous rassemblons sont :<\/p>\n\n\n\n<p><strong>Des donn\u00e9es re\u00e7ues directement :<\/strong><\/p>\n\n\n\n<p>le Responsable du traitement conserve chaque donn\u00e9e que vous nous &nbsp;fournissez directement en relation aux services propos\u00e9s et aux achats effectu\u00e9s.&nbsp; Vous pouvez, en toute libert\u00e9, choisir de ne pas communiquer certaines donn\u00e9es,<\/p>\n\n\n\n<p>mais dans ce cas, vous devez \u00eatre conscient que vous pourriez ne pas pouvoir profiter au mieux de beaucoup de &nbsp;services \u00e0 disposition.&nbsp;<\/p>\n\n\n\n<p>Les donn\u00e9es \u00e9tant inclus dans cette cat\u00e9gorie :&nbsp;<\/p>\n\n\n\n<p><strong>Donn\u00e9es communes :<\/strong>&nbsp;<\/p>\n\n\n\n<p>(ex. Biographiques, fiscales, adresses pour la livraison, mail etc) utilis\u00e9s lors de l\u2019enregistrement, pour la souscription demand\u00e9e afin de r\u00e9ceptionner la newsletter, pour l\u2019achat de nos produits, pour profiter des services avant et apr\u00e8s-vente.<\/p>\n\n\n\n<p><strong>Donn\u00e9es concernant vos int\u00e9r\u00eats et pr\u00e9f\u00e9rences :&nbsp;<\/strong><\/p>\n\n\n\n<p>ils sont re\u00e7us gr\u00e2ce au remplissage volontaire de nos questionnaires et utilis\u00e9s pour d\u00e9finir, avec votre consensus, votre profil personnel.<\/p>\n\n\n\n<p><strong>Vid\u00e9os concernant les produits :&nbsp;<\/strong><\/p>\n\n\n\n<p>Le Responsable du traitement re\u00e7oit fr\u00e9quemment de la part des utilisateurs et\/ou Clients du site&nbsp; www.italtools.com,&nbsp; vid\u00e9os concernant les produits, modalit\u00e9s d\u2019assemblage, d\u00e9monstrations d\u2019utilisation etc. qui, une fois visionn\u00e9es et s\u00e9lectionn\u00e9s par les personnes choisies par le responsable du traitement, sont publi\u00e9es ensuite sur les r\u00e9seaux sociaux de ITALTOOLS.&nbsp;<\/p>\n\n\n\n<p><strong>Curriculum et candidatures spontan\u00e9es :&nbsp;<\/strong><\/p>\n\n\n\n<p>Le Responsable du traitement re\u00e7oit constamment des donn\u00e9es de r\u00e9f\u00e9rence ou candidatures spontan\u00e9es. Pour conna\u00eetre les modalit\u00e9s de traitement de cette typologie de donn\u00e9es, nous vous invitons \u00e0 consulter la \u201cPolitique de traitement des donn\u00e9es personnelles pour les candidats collaborant avec ITAL TRADE SRL SOCIO UNICO \u2013 Certaldo\u201d. <\/p>\n\n\n\n<p><br><strong>Donn\u00e9es re\u00e7ues automatiquement:<\/strong>&nbsp;<\/p>\n\n\n\n<p><br>Les donn\u00e9es \u00e9tant inclus dans cette cat\u00e9gorie :<\/p>\n\n\n\n<p><strong>Donn\u00e9es r\u00e9cup\u00e9r\u00e9es par notre site :&nbsp;<\/strong><\/p>\n\n\n\n<p>lorsque vous vous identifiez sur notre site, vous vous enregistrez, proc\u00e9dez aux achats et utilisez nos services, le Responsable du traitement regroupe et conserve automatiquement certaines cat\u00e9gories de donn\u00e9es, comme par exemple les pr\u00e9f\u00e9rences exprim\u00e9es durant la visite, ou les choix et int\u00e9r\u00eats montr\u00e9s vers des d\u00e9tails concernant les cat\u00e9gories de produits et services. Certaines donn\u00e9es seront utilis\u00e9es pour r\u00e9guler des param\u00e8tres vous concernant (ex. la langue du site)   &nbsp;<br>et rendre ainsi plus facile votre navigation ; d\u2019autres donn\u00e9es seront utilis\u00e9es pour d\u00e9finir, avec votre pr\u00e9c\u00e9dent consentement, votre profil personnel,  &nbsp;<br>avec l\u2019objectif de vous envoyer des publicit\u00e9s qui soient pour vous int\u00e9ressantes, car correspondantes aux pr\u00e9f\u00e9rences que vous avez indiqu\u00e9es. <\/p>\n\n\n\n<p><strong>Donn\u00e9es r\u00e9cup\u00e9r\u00e9es par d\u2019autres sources :<\/strong>&nbsp;<\/p>\n\n\n\n<p>Le Responsable du traitement, involontairement, pourrait recevoir des informations vous concernant par d\u2019autres sources, suite \u00e0 des autorisations pr\u00e9c\u00e9dentes et acc\u00e8s effectu\u00e9s par vous sur d\u2019autres sites internet. Cependant, les choix effectu\u00e9s sur d\u2019autres sites peuvent r\u00e9sulter m\u00e9moris\u00e9s par votre navigateur ou votre dispositif avant m\u00eame que vous ayez personnellement donn\u00e9 votre autorisation sur ce site au Responsable du Traitement. <\/p>\n\n\n\n<p>Pour la r\u00e9cup\u00e9ration automatique de ces typologies de donn\u00e9es sont utilis\u00e9s les cookies ou technologies similaires. Pour plus d\u2019informations sur les cookies et leur utilisation, ou pour exprimer, refuser l\u2019usage de tous ou parties des cookies utilis\u00e9s nous vous prions de bien visionner la page relatant les conditions d\u2019utilisation de notre &nbsp;Cookie Policy. <\/p>\n\n\n\n<p><strong>Les objectifs du traitement des donn\u00e9es.<\/strong><\/p>\n\n\n\n<p>Le Responsable des donn\u00e9es traite Vos donn\u00e9es personnelles pour effectuer, fournir et am\u00e9liorer des services disponibles.<br><br><\/p>\n\n\n\n<p>Ces objectifs comprennent :<\/p>\n\n\n\n<p><strong>Vente et livraison des produits et services.&nbsp;<\/strong><\/p>\n\n\n\n<p>Les donn\u00e9es sont trait\u00e9es afin de recevoir et g\u00e9rer les commandes, fournir des services et produits, en plus de porter assistance r\u00e9f\u00e9renc\u00e9e par rapport aux commandes effectu\u00e9es, aux produits, aux services et aux offres promotionnelles.<\/p>\n\n\n\n<p><strong>Fournir et am\u00e9liorer les services.<\/strong>&nbsp;<\/p>\n\n\n\n<p>Les donn\u00e9es sont trait\u00e9es pour analyser les activit\u00e9s, sugg\u00e9rer de nouvelles fonctionnalit\u00e9s, corriger et am\u00e9liorer l\u2019utilisation et l\u2019efficacit\u00e9 de nos services, afin de permettre une assistance ad\u00e9quate m\u00eame dans la phase apr\u00e8s-vente.<\/p>\n\n\n\n<p><strong>Suggestions et personnalisation.&nbsp;<\/strong><\/p>\n\n\n\n<p>Les donn\u00e9es sont trait\u00e9es pour sugg\u00e9rer des produits, fonctionnalit\u00e9s et services qui pourraient correspondre \u00e0 vos int\u00e9r\u00eats, le tout permettant \u00e0 la fin d\u2019identifier les pr\u00e9f\u00e9rences et personnaliser les services que nous pouvons offrir. La d\u00e9finition de votre profil nous permettra de sugg\u00e9rer des produits, fonctionnalit\u00e9 et services qui pourraient \u00eatre int\u00e9ressants pour vous, afin d\u2019identifier les pr\u00e9f\u00e9rences et personnaliser les services offerts. Nous pourrons traiter ces donn\u00e9es seulement apr\u00e8s avoir obtenu votre consentement, exprim\u00e9 par le biais de votre acceptation de la politique de gestion des cookies ou par le biais de remplissages de questionnaires. La non acceptation ne portera toutefois pas pr\u00e9judice au fonctionnement du site.   <\/p>\n\n\n\n<p><strong>Communiquer avec vous.&nbsp;<\/strong><\/p>\n\n\n\n<p>Les donn\u00e9es personnelles sont trait\u00e9es afin de communiquer avec vous toujours en r\u00e9f\u00e9rence \u00e0 nos services et cela, au travers des diff\u00e9rents canaux de communications \u00e0 disposition (par exemple, par t\u00e9l\u00e9phone, e-mail et chat).<\/p>\n\n\n\n<p><strong>Publicit\u00e9.&nbsp;<\/strong><\/p>\n\n\n\n<p>Les donn\u00e9es sont toujours trait\u00e9es pour vous permettre de visualiser des publicit\u00e9s bien sp\u00e9cifiques, d\u00e9finies par rapport \u00e0 vos int\u00e9r\u00eats en relation aux fonctionnalit\u00e9s, aux produits et services qui pourraient \u00eatre int\u00e9ressants pour vous.<br>Les donn\u00e9es personnelles peuvent \u00eatre utilis\u00e9es m\u00eame \u00e0 des fins d\u2019envoi de mat\u00e9riel informatif et publicitaire ou bien pour des communications commerciales toutefois correspondantes \u00e0 l\u2019activit\u00e9 du Responsable du Traitement, &nbsp;et \u00e9galement, avec votre consensus, pour des activit\u00e9s de marketing direct. <\/p>\n\n\n\n<p>Le Responsable du traitement pourra utiliser les coordonn\u00e9es, l\u2019adresse \u00e9lectronique \u00e0 des fins de vente directe fournies par l\u2019int\u00e9ress\u00e9, dans le contexte d\u2019une pr\u00e9c\u00e9dente vente des propres produits\/services, toujours dans le cadre de produits\/services analogues\/associ\u00e9s \u00e0 ceux qui faisaient l\u2019objet d\u2019une vente pr\u00e9c\u00e9dente et seulement apr\u00e8s consentement pour cet usage, au d\u00e9but de la relation ou \u00e0 l\u2019occasion de communications successives de la part de l\u2019int\u00e9ress\u00e9. Pourtant l\u2019int\u00e9ress\u00e9 au moment du regroupement des donn\u00e9es et \u00e0 l\u2019occasion de l\u2019envoi de chaque communication de la part du Responsable des donn\u00e9es, pourra s\u2019opposer \u00e0 tout moment \u00e0 ce m\u00eame traitement<\/p>\n\n\n\n<p>L\u2019int\u00e9ress\u00e9 pourra s\u2019opposer \u00e0 tout moment \u00e0 l\u2019utilisation de son adresse e-mail en prenant contact directement avec le Responsable du traitement des donn\u00e9es selon les modalit\u00e9s d\u00e9crites sur le paragraphe \u00ab Contacts informations et R\u00e9visions \u00bb report\u00e9 en bas de page.<\/p>\n\n\n\n<p>The interested party may take position against the use of his email address at any time by contacting the Data Controller in the manner described in the \u201cContacts, Information and Revisions\u201d paragraph at the bottom of this page.<\/p>\n\n\n\n<p><strong>Newsletter.&nbsp;<\/strong><\/p>\n\n\n\n<p>Si l\u2019int\u00e9ress\u00e9 s\u2019enregistre pour recevoir notre Newsletter, nous utiliserons uniquement les donn\u00e9es n\u00e9cessaires et utiles dans cet objectif c\u2019est-\u00e0-dire les donn\u00e9es communiqu\u00e9es par l\u2019int\u00e9ress\u00e9 afin de lui faire parvenir r\u00e9guli\u00e8rement notre Newsletter par e-mail sur la base de son consentement.<br>Il est possible d\u2019annuler \u00e0 tout moment l\u2019inscription, soit par message aux contacts indiqu\u00e9s ci-dessous soit par le biais du lien disponible sur chaque Newsletter. Apr\u00e8s annulation, nous effa\u00e7ons l\u2019adresse e-mail, \u00e0 moins qu\u2019il y ait consentement exprim\u00e9 \u00e0 une utilisation ult\u00e9rieure des donn\u00e9es de l\u2019int\u00e9ress\u00e9, utilisation dont il sera inform\u00e9 sur la d\u00e9claration qui respecte les normes l\u00e9gales.<\/p>\n\n\n\n<p><strong>Respecter les obligations dict\u00e9es par la loi.&nbsp;<\/strong><\/p>\n\n\n\n<p>Dans certains cas nous avons l\u00e9galement l\u2019obligation de collecter et traiter vos donn\u00e9es personnelles.<br>La base juridique du traitement des donn\u00e9es est l\u2019ex\u00e9cution d\u2019un contrat, la poursuite d\u2019un int\u00e9r\u00eat l\u00e9gitime de la part du Responsable des donn\u00e9es, le respect des obligations dict\u00e9es par la loi, avec le consensus de pr\u00e9alable de l\u2019int\u00e9ress\u00e9 d\u00e8s lors qu\u2019il sera requis.<\/p>\n\n\n\n<p><strong>Communication des donn\u00e9es personnelles \u00e0 des tiers.<\/strong><\/p>\n\n\n\n<p>Le Responsable du traitement, en reconnaissant l\u2019importance capitale de vos donn\u00e9es personnelles par rapport \u00e0 sa propre activit\u00e9 ne souhaite pas les divulguer \u00e0 des tiers. Le Responsable du traitement se limite \u00e0 communiquer vos donn\u00e9es personnelles aux propres employ\u00e9s, collaborateurs et tiers comme fournisseurs, et donc \u00e0 des soci\u00e9t\u00e9s qui travaillent pour le compte du Responsable du traitement, toujours pour des objectifs visant \u00e0 l\u2019acheminement de commandes et services dont vous souhaiterez disposer. Ces m\u00eames intervenants, toutefois sont \u00e9galement soumis au respect du traitement des donn\u00e9es personnelles ou \u00e0 des proc\u00e9dures similaires qui pr\u00e9voient la protection analogue \u00e0 celles d\u00e9crites dans cette note d\u2019information sur les donn\u00e9es personnelles. La communication des donn\u00e9es personnelles, donc, est vraiment n\u00e9cessaire et fonctionnelle pour permettre de garantir la mise en place adapt\u00e9e des objectifs vis\u00e9s pour lesquelles elles sont collect\u00e9es et, quand m\u00eame, toujours en respectant le r\u00e8glement sur le traitement des donn\u00e9es personnelles.    <\/p>\n\n\n\n<p><strong>Transfert des donn\u00e9es personnelles en dehors de l\u2019Espace Economique Europ\u00e9en.<\/strong><\/p>\n\n\n\n<p>A chaque fois que le Responsable du traitement retiendra n\u00e9cessaire le transfert des donn\u00e9es trait\u00e9es en dehors de la fronti\u00e8re \u00e9conomique europ\u00e9enne, s\u2019assurera que celles-ci soient transf\u00e9r\u00e9es en totale conformit\u00e9 \u00e0 cette m\u00eame note d\u2019information sur le traitement des donn\u00e9es personnelles et aux r\u00e8glements relatifs applicables concernant la protection de donn\u00e9es personnelles.<\/p>\n\n\n\n<p><strong>Garantie de la s\u00e9curit\u00e9 de Vos donn\u00e9es personnelles.<\/strong><\/p>\n\n\n\n<p>Le Traitement des donn\u00e9es personnelles, m\u00eame gr\u00e2ce au staff interne et aux fournisseurs externes, utilisent des syst\u00e8mes et dispositifs capables de garantir la s\u00e9curit\u00e9 et le caract\u00e8re priv\u00e9 de ses clients.<\/p>\n\n\n\n<p><br><strong>Proc\u00e9d\u00e9s d\u00e9cisionnaires automatiques<\/strong><\/p>\n\n\n\n<p><br>Nous vous informons que lors du Traitement de vos donn\u00e9es personnelles, un processus automatique d\u00e9cisionnaire pour \u00eatre utilis\u00e9 afin d\u2019am\u00e9liorer la gestion du site et l\u2019exp\u00e9rience de votre visite.<\/p>\n\n\n\n<p><strong>Acc\u00e8s aux propres donn\u00e9es personnelles et au propre profil<\/strong><\/p>\n\n\n\n<p>Par rapport au r\u00e8glement applicable, en qualit\u00e9 de personne directement concern\u00e9e vous avez le droit de demander au Responsable du Traitement l\u2019acc\u00e8s direct, la rectification et l\u2019\u00e9limination de vos donn\u00e9es personnelles, en plus d\u2019exercer le droit de portabilit\u00e9 de celles-ci aupr\u00e8s d\u2019un autre Responsable du traitement.<\/p>\n\n\n\n<p>Vous pourrez cependant demander au Responsable du traitement de limiter le traitement de vos donn\u00e9es personnelles, ou m\u00eame vous opposer \u00e0 cela.<\/p>\n\n\n\n<p>Dans le cas o\u00f9 vous d\u00e9cidez d\u2019exercer l\u2019un de ces droits, ou en cas d\u2019\u00e9claircissements et\/ou objections en r\u00e9f\u00e9rence \u00e0 la modalit\u00e9 de collecte et gestion des donn\u00e9es, nous vous sugg\u00e9rons alors de contacter le Responsable du traitement.<\/p>\n\n\n\n<p><br><br><strong>R\u00e9voquer le consentement \u00e0 l\u2019acc\u00e8s aux donn\u00e9es&nbsp;<\/strong><\/p>\n\n\n\n<p>Si le traitement, m\u00eame de donn\u00e9es sp\u00e9cifiques, se basent sur l\u2019acceptation du traitement [sur l\u2019article 6, paragraphe 1, lettre a) du R\u00e8glement, ou bien sur l\u2019article 9, paragraphe 2, lettre a) du R\u00e8glement], vous avez le droit de r\u00e9voquer votre consentement \u00e0 tout moment sans que cela puisse porter pr\u00e9judice \u00e0 la lic\u00e9it\u00e9 du traitement bas\u00e9 sur l\u2019acceptation pr\u00e9c\u00e9demment donn\u00e9e datant d\u2019avant la r\u00e9vocation.<\/p>\n\n\n\n<p><strong>R\u00e9clamation<\/strong><\/p>\n\n\n\n<p>Il est dans votre droit d\u2019effectuer une r\u00e9clamation au sein de l\u2019Autorit\u00e9 de contr\u00f4le.<\/p>\n\n\n\n<p><br><strong>Temps de conservation des donn\u00e9es personnelles.<\/strong>&nbsp;<\/p>\n\n\n\n<p>Vos donn\u00e9es personnelles sont conserv\u00e9es par le Responsable du traitement pour vous permettre d\u2019utiliser les services offerts sans interruption pour tout le temps n\u00e9cessaire afin d\u2019atteindre les objectifs d\u00e9crits dans le pr\u00e9sent r\u00e8glement. Par exemple, en conservant la chronologie des transactions effectu\u00e9es et des exp\u00e9ditions demand\u00e9es, nous vous permettons de suivre l\u2019achat et l\u2019apr\u00e8s-vente, et ainsi am\u00e9liorer et simplifier l\u2019utilisation de nos services :  <\/p>\n\n\n\n<p>&nbsp;selon les termes \u00e9tablis par la norme en vigueur ;<br>&nbsp;selon les termes \u00e9tablis par la norme m\u00eame secondaire qui imposent la conservation des donn\u00e9es personnelles (par exemple les d\u00e9clarations fiscales) ; <\/p>\n\n\n\n<p><strong>Les mineurs et services propos\u00e9s par le Responsable du traitement<\/strong><\/p>\n\n\n\n<p>Le Responsable du traitement ne vend pas de produits aux personnes n\u2019ayant pas atteint la majorit\u00e9. Si vous avez moins de 18 ans, vous pouvez utiliser les services seulement et exclusivement avec l\u2019aide d\u2019un parent ou tuteur l\u00e9gal. <\/p>\n\n\n\n<p><br><strong>Contacts, informations et R\u00e9visions<\/strong><\/p>\n\n\n\n<p>En cas de doutes, demandes de clart\u00e9, objections ou requ\u00eates concernant le traitement des donn\u00e9es personnelles nous vous invitons \u00e0 prendre contact avec le Responsable du Traitement en \u00e9crivant directement \u00e0&nbsp; info@italtools.com &nbsp;ou bien en appelant au num\u00e9ro +39 0571 668024<\/p>\n\n\n\n<p>Enfin, nous souhaitons sugg\u00e9rer de contr\u00f4ler assez souvent notre site&nbsp; www.italtools.com &nbsp;pour v\u00e9rifier d\u2019\u00e9ventuelles modifications sur la note d\u2019information des donn\u00e9es personnelles, \u00e9tant donn\u00e9 la possibilit\u00e9 de changer certaines parties de cette note lorsque nous varions nos propres services disponibles.<\/p>\n\n\n\n<p>Notre note d\u2019information sur les donn\u00e9es personnelles actuelle s\u2019applique \u00e0 toutes les donn\u00e9es sur vous et sur votre compte client sauf exception pour certaines informations.<\/p>\n\n\n\n<p><\/p>\n\t\t\t\t\t\t\t\t<\/div>\n\t\t\t\t\t<\/div>\n\t\t\t\t<\/div>\n\t\t\t\t<\/div>\n\t\t","protected":false},"excerpt":{"rendered":"<p>Politique de confidentialit\u00e9 DONN\u00c9ES \u00c0 CARACT\u00c8RE PERSONNEL Nous souhaitons vous informer, par rapport \u00e0 votre r\u00f4le de personne int\u00e9ress\u00e9e au traitement des donn\u00e9es \u00e0 caract\u00e8re personnel, que le \u00ab R\u00e8glement (UE) n. 2016\/679 du Parlement Europ\u00e9en et du Conseil datant du 27 avril 2016 pr\u00e9voit la protection des personnes physiques \u00e0 l\u2019\u00e9gard du traitement des [&hellip;]<\/p>\n","protected":false},"author":10,"featured_media":0,"parent":0,"menu_order":0,"comment_status":"closed","ping_status":"closed","template":"","meta":{"_acf_changed":false,"footnotes":""},"class_list":["post-173281","page","type-page","status-publish","hentry"],"acf":[],"_links":{"self":[{"href":"https:\/\/italtools.com\/fr\/wp-json\/wp\/v2\/pages\/173281","targetHints":{"allow":["GET"]}}],"collection":[{"href":"https:\/\/italtools.com\/fr\/wp-json\/wp\/v2\/pages"}],"about":[{"href":"https:\/\/italtools.com\/fr\/wp-json\/wp\/v2\/types\/page"}],"author":[{"embeddable":true,"href":"https:\/\/italtools.com\/fr\/wp-json\/wp\/v2\/users\/10"}],"replies":[{"embeddable":true,"href":"https:\/\/italtools.com\/fr\/wp-json\/wp\/v2\/comments?post=173281"}],"version-history":[{"count":0,"href":"https:\/\/italtools.com\/fr\/wp-json\/wp\/v2\/pages\/173281\/revisions"}],"wp:attachment":[{"href":"https:\/\/italtools.com\/fr\/wp-json\/wp\/v2\/media?parent=173281"}],"curies":[{"name":"wp","href":"https:\/\/api.w.org\/{rel}","templated":true}]}}