{"id":173257,"date":"2024-10-29T13:07:51","date_gmt":"2024-10-29T13:07:51","guid":{"rendered":"http:\/\/italtools.com\/cookie-policy\/"},"modified":"2024-11-08T10:24:20","modified_gmt":"2024-11-08T10:24:20","slug":"cookie-policy","status":"publish","type":"page","link":"https:\/\/italtools.com\/fr\/cookie-policy\/","title":{"rendered":"Cookie Policy"},"content":{"rendered":"\t\t<div data-elementor-type=\"wp-page\" data-elementor-id=\"173257\" class=\"elementor elementor-173257 elementor-103288\" data-elementor-post-type=\"page\">\n\t\t\t\t<div class=\"elementor-element elementor-element-35a7376 e-flex e-con-boxed e-con e-parent\" data-id=\"35a7376\" data-element_type=\"container\" data-e-type=\"container\">\n\t\t\t\t\t<div class=\"e-con-inner\">\n\t\t\t\t<div class=\"elementor-element elementor-element-b13eda2 elementor-widget elementor-widget-heading\" data-id=\"b13eda2\" data-element_type=\"widget\" data-e-type=\"widget\" data-widget_type=\"heading.default\">\n\t\t\t\t\t<h2 class=\"elementor-heading-title elementor-size-default\">Politique de gestion des cookies<\/h2>\t\t\t\t<\/div>\n\t\t\t\t<div class=\"elementor-element elementor-element-a1923d0 elementor-widget elementor-widget-text-editor\" data-id=\"a1923d0\" data-element_type=\"widget\" data-e-type=\"widget\" data-widget_type=\"text-editor.default\">\n\t\t\t\t\t\t\t\t\t<p><strong>QU\u2019EST-CE QUE LES COOKIES ?<\/strong><\/p>\n<\/p>\n<p>Les cookies sont de petits fichiers de textes que les sites visit\u00e9s par les navigateurs envoient \u00e0 leurs propres serveurs, o\u00f9 ils sont ensuite m\u00e9moris\u00e9s pour \u00eatre retransmis \u00e0 ces m\u00eames sites lors d\u2019une visite successive. Les cookies \u00e9mis sur notre site par des tiers prestataires sont, en revanche, param\u00e9tr\u00e9s par un site web diff\u00e9rent de celui que l\u2019usager est en train de visiter. Ceci parce que sur chaque site peuvent \u00eatre pr\u00e9sents des \u00e9l\u00e9ments (images, cartes, sons, liens sp\u00e9cifiques \u00e0 des pages web appartenant \u00e0 d\u2019autres domaines, etc.) qui r\u00e9sident sur serveurs diff\u00e9rents par rapport \u00e0 celui actuellement visit\u00e9. Les cookies sont utilis\u00e9s \u00e0 des fins diff\u00e9rentes : ex\u00e9cution d\u2019authentifications informatiques, contr\u00f4les des sessions, m\u00e9morisations des informations sur configurations sp\u00e9cifiques qui concernent les usagers acc\u00e9dant au serveur, m\u00e9morisation des pr\u00e9f\u00e9rences, etc.   <\/p>\n<\/p>\n<p><strong>TYPOLOGIES DE COOKIE<\/strong><\/p>\n<\/p>\n<p>Les cookies peuvent \u00eatre \u00ab premi\u00e8re \u00bb partie, c\u2019est-\u00e0-dire install\u00e9 par notre site, ou de \u00ab tierces parties \u00bb, install\u00e9s par un domaine diff\u00e9rent de celui que l\u2019utilisateur est en train de visiter.<\/p>\n<p>La typologie des cookies varie en fonction des finalit\u00e9s pour lesquelles ils sont utilis\u00e9s, et se distinguent donc principalement en cookies de performances, cibl\u00e9s, persistants et de marketing.<\/p>\n<p>Aucun des widgets install\u00e9s de notre site (par exemple ceux reli\u00e9s aux r\u00e9seaux sociaux) pourraient effectuer une activit\u00e9 de tra\u00e7age et de profilage, avec modalit\u00e9s non connues par le Responsable et pour conna\u00eetre celles-ci nous vous invitons \u00e0 consulter le R\u00e8glement du traitement des donn\u00e9es personnelles des diff\u00e9rents Responsables du Traitement.<\/p>\n<p>Certains de ces objectifs requi\u00e8rent votre consentement qui peut \u00eatre mis \u00e0 jour ou r\u00e9voqu\u00e9 librement \u00e0 tout moment en suivant les instructions contenues dans ce document.<\/p>\n<\/p>\n<p><strong>TYPOLOGIES DE COOKIE<\/strong><\/p>\n<\/p>\n<p>Afin d\u2019obtenir des informations relatives aux cookies \u00e9mis sur notre site par des tiers prestataires il est possible d\u2019acc\u00e9der aux liens report\u00e9s ci-apr\u00e8s. En acc\u00e9dant \u00e0 la page http:\/\/www.youronlinechoices.com\/fr\/controler-ses-cookies\/ il est possible de s\u2019informer sur la publicit\u00e9 comportementale et d\u00e9sactiver ou activer les soci\u00e9t\u00e9s \u00e9nonc\u00e9es et qui travaillent avec les diff\u00e9rents g\u00e9rants de sites web afin de collecter et utiliser les informations utiles \u00e0 l\u2019usufruit de la publicit\u00e9. <\/p>\n<p><strong>Google analytics<\/strong> (analytique) <a href=\"http:\/\/www.google.it\/intl\/it\/policies\/privacy\/\" target=\"_parent\" rel=\"noopener\">privacy policy <\/a>\/ <a href=\"https:\/\/tools.google.com\/dlpage\/gaoptout?hl=en\" target=\"_blank\" rel=\"noopener\">Opt-out<\/a><br \/><strong>Facebook<\/strong> (social media) <a href=\"https:\/\/www.facebook.com\/about\/privacy\/\" target=\"_parent\" rel=\"noopener\">privacy policy<\/a><br \/><strong>Twitter<\/strong> (social media) <a href=\"https:\/\/twitter.com\/privacy\" target=\"_parent\" rel=\"noopener\">privacy policy <\/a> \/ <a href=\"http:\/\/optout.aboutads.info\/?c=2&amp;lang=EN\" target=\"_blank\" rel=\"noopener\">Opt-out<\/a><br \/><strong>Youtube<\/strong> (social media) <a href=\"https:\/\/www.youtube.com\/static?template=privacy_guidelines\" target=\"_parent\" rel=\"noopener\">privacy policy<\/a><br \/><strong>Pinterest<\/strong> (social media) <a href=\"https:\/\/about.pinterest.com\/en\/privacy-policy\" target=\"_parent\" rel=\"noopener\">privacy policy<\/a> \/ <a href=\"https:\/\/www.pinterest.co.uk\/settings\/privacy\" target=\"_blank\" rel=\"noopener\">Opt-out<\/a><\/p>\n<p><strong>Ekomi<\/strong> (Reviews) <a href=\"https:\/\/www.ekomi.it\/it\/privacy\" target=\"_parent\" rel=\"noopener\">privacy policy<\/a><br \/><strong>NewRelic<\/strong> (Analytics) <a href=\"https:\/\/newrelic.com\/termsandconditions\/privacy\" target=\"_parent\" rel=\"noopener\">privacy policy<\/a><br \/><strong>Lengow<\/strong> (Analytics) <a href=\"https:\/\/www.lengow.com\/it\/dati-personali-cookies\/\" target=\"_parent\" rel=\"noopener\">privacy policy<\/a><br \/><strong>Hotjar<\/strong>(Analytics) <a href=\"https:\/\/www.hotjar.com\/legal\/compliance\/gdpr-commitment\" target=\"_parent\" rel=\"noopener\">privacy policy<\/a> \/ <a href=\"https:\/\/www.hotjar.com\/legal\/compliance\/opt-out\" target=\"_blank\" rel=\"noopener\">Opt-out<\/a><br \/><strong>Affiliation Software<\/strong> (Marketing) <a href=\"https:\/\/www.affiliationsoftware.com\/en\/pagina\/privacy\/\" target=\"_parent\" rel=\"noopener\">privacy policy<\/a><br \/><strong>Bing<\/strong> (Marketing) <a href=\"https:\/\/privacy.microsoft.com\/\" target=\"_parent\" rel=\"noopener\">privacy policy<\/a> \/ <a href=\"https:\/\/account.microsoft.com\/account\/privacy?\" target=\"_parent\" rel=\"noopener\">Opt-out<\/a><br \/><strong>Adabra<\/strong> (Marketing) <a href=\"https:\/\/www.adabra.com\/Adabra_AdSpray_InformativaPrivacy_01.pdf\" target=\"_parent\" rel=\"noopener\">privacy policy<\/a><br \/><strong>Criteo<\/strong> (Marketing) <a href=\"https:\/\/www.criteo.com\/en\/privacy\/\" target=\"_parent\" rel=\"noopener\">privacy policy<\/a> \/ <a href=\"https:\/\/www.criteo.com\/en\/privacy\/\" target=\"_blank\" rel=\"noopener\">Opt-out<\/a><br \/><strong>Zendesk<\/strong> (Chat) <a href=\"https:\/\/www.zendesk.com\/company\/customers-partners\/privacy-policy\/\" target=\"_parent\" rel=\"noopener\">privacy policy<\/a><\/p>\n<p>Il est toujours possible pour l\u2019utilisateur de d\u00e9sactiver les cookies, tous ou parties d\u2019entre eux. Tous les navigateurs fournissent des indications par rapport \u00e0 cette possibilit\u00e9 ; N\u2019h\u00e9sitez pas \u00e0 vous rendre sur les pages web correspondantes informant sur les donn\u00e9es personnelles: <\/p>\n<p><strong>Firefox<\/strong> (Internet browser) <a href=\"https:\/\/support.mozilla.org\/it\/kb\/Gestione%20dei%20cookie\" target=\"_parent\" rel=\"noopener\">privacy policy<\/a><br \/><strong>Explorer<\/strong> (Internet browser) <a href=\"http:\/\/windows.microsoft.com\/it-it\/internet-explorer\/delete-manage-cookies#ie=ie-11\" target=\"_self\" rel=\"noopener\">privacy policy<\/a><br \/><strong>Chrome<\/strong> (Internet browser) <a href=\"http:\/\/www.google.com\/policies\/technologies\/managing\/\" target=\"_parent\" rel=\"noopener\">privacy policy<\/a><br \/><strong>Opera<\/strong> (Internet browser) <a href=\"http:\/\/help.opera.com\/Windows\/10.00\/it\/cookies.html\" target=\"_parent\" rel=\"noopener\">privacy policy<\/a><br \/><strong>Safari<\/strong> (Internet browser, mobile) <a href=\"http:\/\/www.apple.com\/legal\/privacy\/it\/cookies\/\" target=\"_parent\" rel=\"noopener\">privacy policy<\/a><br \/><strong>Chrome for mobile<\/strong> (Internet browser, mobile) <a href=\"https:\/\/support.google.com\/chrome\/answer\/2392969?hl=it&amp;ref_topic=3422804\" target=\"_parent\" rel=\"noopener\">privacy policy<\/a><\/p>\n<p><strong>Windows Phone<\/strong> (Internet browser, mobile) <a href=\"http:\/\/www.microsoft.com\/it-it\/mobile\/privacy\/privacy\/\" target=\"_parent\" rel=\"noopener\">privacy policy<\/a><br \/><strong>Blackberry<\/strong> (Internet browser, mobile) <a href=\"http:\/\/global.blackberry.com\/en\/legal\/privacy-policy.html#\/h:\/en\/legal\/privacy-policy\/privacy-policy.html\" target=\"_self\" rel=\"noopener\">privacy policy<\/a><\/p>\n<p>Il est toutefois important de se rappeler que la d\u00e9sactivation des cookies de fonctionnement pourrait causer un dysfonctionnement du Site.<\/p>\n<p>La d\u00e9sactivation des cookies de tierces parties est en outre possible au travers des modalit\u00e9s rendues disponibles directement par la Soci\u00e9t\u00e9 tierce responsable du traitement des donn\u00e9es. En cas de services pratiqu\u00e9s par des tierces parties, l\u2019Utilisateur peut en outre exercer son propre droit pour s\u2019opposer directement au tra\u00e7age en s\u2019informant par le biais du traitement des donn\u00e9es personnelles appliqu\u00e9 par la tierce partie, avec le lien d\u2019opt-out si explicitement fourni ou en contactant directement la soci\u00e9t\u00e9 m\u00eame tierce. <\/p>\n<p>Pour obtenir des informations concernant les cookies archiv\u00e9s sur le propre server terminal et d\u00e9sactiver en autonomie veuillez vous rendre sur ce lien:<br \/>http:\/\/www.youronlinechoices.com\/fr\/controler-ses-cookies\/<\/p>\n<p><a href=\"http:\/\/www.youronlinechoices.com\/uk\/your-ad-choices\" target=\"_parent\" rel=\"noopener\">http:\/\/www.youronlinechoices.com\/uk\/your-ad-choices<\/a><\/p>\n\t\t\t\t\t\t\t\t<\/div>\n\t\t\t\t\t<\/div>\n\t\t\t\t<\/div>\n\t\t\t\t<\/div>\n\t\t","protected":false},"excerpt":{"rendered":"<p>Politique de gestion des cookies QU\u2019EST-CE QUE LES COOKIES ? Les cookies sont de petits fichiers de textes que les sites visit\u00e9s par les navigateurs envoient \u00e0 leurs propres serveurs, o\u00f9 ils sont ensuite m\u00e9moris\u00e9s pour \u00eatre retransmis \u00e0 ces m\u00eames sites lors d\u2019une visite successive. Les cookies \u00e9mis sur notre site par des tiers [&hellip;]<\/p>\n","protected":false},"author":10,"featured_media":0,"parent":0,"menu_order":0,"comment_status":"closed","ping_status":"closed","template":"","meta":{"_acf_changed":false,"footnotes":""},"class_list":["post-173257","page","type-page","status-publish","hentry"],"acf":[],"_links":{"self":[{"href":"https:\/\/italtools.com\/fr\/wp-json\/wp\/v2\/pages\/173257","targetHints":{"allow":["GET"]}}],"collection":[{"href":"https:\/\/italtools.com\/fr\/wp-json\/wp\/v2\/pages"}],"about":[{"href":"https:\/\/italtools.com\/fr\/wp-json\/wp\/v2\/types\/page"}],"author":[{"embeddable":true,"href":"https:\/\/italtools.com\/fr\/wp-json\/wp\/v2\/users\/10"}],"replies":[{"embeddable":true,"href":"https:\/\/italtools.com\/fr\/wp-json\/wp\/v2\/comments?post=173257"}],"version-history":[{"count":0,"href":"https:\/\/italtools.com\/fr\/wp-json\/wp\/v2\/pages\/173257\/revisions"}],"wp:attachment":[{"href":"https:\/\/italtools.com\/fr\/wp-json\/wp\/v2\/media?parent=173257"}],"curies":[{"name":"wp","href":"https:\/\/api.w.org\/{rel}","templated":true}]}}